{"id":498,"date":"2021-05-06T10:13:56","date_gmt":"2021-05-06T08:13:56","guid":{"rendered":"http:\/\/compagnielesjournaliers.fr\/?page_id=498"},"modified":"2024-04-03T20:32:09","modified_gmt":"2024-04-03T18:32:09","slug":"h","status":"publish","type":"page","link":"http:\/\/compagnielesjournaliers.fr\/?page_id=498","title":{"rendered":"Petites fabulations sur la mort"},"content":{"rendered":"\t\t<div data-elementor-type=\"wp-page\" data-elementor-id=\"498\" class=\"elementor elementor-498\" data-elementor-settings=\"[]\">\n\t\t\t\t\t\t\t<div class=\"elementor-section-wrap\">\n\t\t\t\t\t\t\t<section class=\"elementor-section elementor-top-section elementor-element elementor-element-66adaec elementor-section-boxed elementor-section-height-default elementor-section-height-default\" data-id=\"66adaec\" data-element_type=\"section\">\n\t\t\t\t\t\t<div class=\"elementor-container elementor-column-gap-default\">\n\t\t\t\t\t<div class=\"elementor-column elementor-col-100 elementor-top-column elementor-element elementor-element-791796e\" data-id=\"791796e\" data-element_type=\"column\">\n\t\t\t<div class=\"elementor-widget-wrap elementor-element-populated\">\n\t\t\t\t\t\t\t\t<div class=\"elementor-element elementor-element-b509ebf elementor-widget elementor-widget-text-editor\" data-id=\"b509ebf\" data-element_type=\"widget\" data-widget_type=\"text-editor.default\">\n\t\t\t\t<div class=\"elementor-widget-container\">\n\t\t\t\t\t<div class=\"elementor-text-editor elementor-clearfix\"><p><span style=\"font-size: 24pt; font-family: Adamina;\">Petites fabulations sur la mort<\/span><\/p><\/div>\n\t\t\t\t<\/div>\n\t\t\t\t<\/div>\n\t\t\t\t\t<\/div>\n\t\t<\/div>\n\t\t\t\t\t\t\t<\/div>\n\t\t<\/section>\n\t\t\t\t<section class=\"elementor-section elementor-top-section elementor-element elementor-element-db8c1ad elementor-section-boxed elementor-section-height-default elementor-section-height-default\" data-id=\"db8c1ad\" data-element_type=\"section\">\n\t\t\t\t\t\t<div class=\"elementor-container elementor-column-gap-default\">\n\t\t\t\t\t<div class=\"elementor-column elementor-col-100 elementor-top-column elementor-element elementor-element-016fe5b\" data-id=\"016fe5b\" data-element_type=\"column\">\n\t\t\t<div class=\"elementor-widget-wrap elementor-element-populated\">\n\t\t\t\t\t\t\t\t<div class=\"elementor-element elementor-element-609e024 elementor-widget elementor-widget-image\" data-id=\"609e024\" data-element_type=\"widget\" data-widget_type=\"image.default\">\n\t\t\t\t<div class=\"elementor-widget-container\">\n\t\t\t\t\t<div class=\"elementor-image\">\n\t\t\t\t\t\t\t\t\t\t<img width=\"980\" height=\"551\" src=\"http:\/\/compagnielesjournaliers.fr\/wp-content\/uploads\/2021\/05\/vlcsnap-2020-02-09-16h21m14s571-1024x576.jpg\" class=\"attachment-large size-large\" alt=\"\" loading=\"lazy\" srcset=\"http:\/\/compagnielesjournaliers.fr\/wp-content\/uploads\/2021\/05\/vlcsnap-2020-02-09-16h21m14s571-1024x576.jpg 1024w, http:\/\/compagnielesjournaliers.fr\/wp-content\/uploads\/2021\/05\/vlcsnap-2020-02-09-16h21m14s571-300x169.jpg 300w, http:\/\/compagnielesjournaliers.fr\/wp-content\/uploads\/2021\/05\/vlcsnap-2020-02-09-16h21m14s571-768x432.jpg 768w, http:\/\/compagnielesjournaliers.fr\/wp-content\/uploads\/2021\/05\/vlcsnap-2020-02-09-16h21m14s571-1536x864.jpg 1536w, http:\/\/compagnielesjournaliers.fr\/wp-content\/uploads\/2021\/05\/vlcsnap-2020-02-09-16h21m14s571.jpg 1920w\" sizes=\"(max-width: 980px) 100vw, 980px\" \/>\t\t\t\t\t\t\t\t\t\t\t<\/div>\n\t\t\t\t<\/div>\n\t\t\t\t<\/div>\n\t\t\t\t\t<\/div>\n\t\t<\/div>\n\t\t\t\t\t\t\t<\/div>\n\t\t<\/section>\n\t\t\t\t<section class=\"elementor-section elementor-top-section elementor-element elementor-element-957882d elementor-section-boxed elementor-section-height-default elementor-section-height-default\" data-id=\"957882d\" data-element_type=\"section\">\n\t\t\t\t\t\t<div class=\"elementor-container elementor-column-gap-default\">\n\t\t\t\t\t<div class=\"elementor-column elementor-col-100 elementor-top-column elementor-element elementor-element-b0bbd4c\" data-id=\"b0bbd4c\" data-element_type=\"column\">\n\t\t\t<div class=\"elementor-widget-wrap elementor-element-populated\">\n\t\t\t\t\t\t\t\t<div class=\"elementor-element elementor-element-8ad4738 elementor-widget elementor-widget-text-editor\" data-id=\"8ad4738\" data-element_type=\"widget\" data-widget_type=\"text-editor.default\">\n\t\t\t\t<div class=\"elementor-widget-container\">\n\t\t\t\t\t<div class=\"elementor-text-editor elementor-clearfix\"><p><strong>\u00a0 \u00a0 \u00a0 \u00a0 \u00a0 <span style=\"font-size: 14pt;\">Une exploration sensible et po\u00e9tique de notre relation \u00e0 la mort<\/span><br \/><\/strong><\/p>\n<p class=\"has-text-align-left\">Avec <a href=\"https:\/\/www.fabricebony.com\/\">Fabrice Bony<\/a>, musicien<\/p>\n<p class=\"has-text-align-left\">\u00a0<\/p>\n<p class=\"has-text-align-left\">\u00a0<\/p><\/div>\n\t\t\t\t<\/div>\n\t\t\t\t<\/div>\n\t\t\t\t\t<\/div>\n\t\t<\/div>\n\t\t\t\t\t\t\t<\/div>\n\t\t<\/section>\n\t\t\t\t<section class=\"elementor-section elementor-top-section elementor-element elementor-element-62f3eb2 elementor-section-boxed elementor-section-height-default elementor-section-height-default\" data-id=\"62f3eb2\" data-element_type=\"section\">\n\t\t\t\t\t\t<div class=\"elementor-container elementor-column-gap-default\">\n\t\t\t\t\t<div class=\"elementor-column elementor-col-50 elementor-top-column elementor-element elementor-element-27f81bf\" data-id=\"27f81bf\" data-element_type=\"column\">\n\t\t\t<div class=\"elementor-widget-wrap elementor-element-populated\">\n\t\t\t\t\t\t\t\t<div class=\"elementor-element elementor-element-628fc50 elementor-widget elementor-widget-text-editor\" data-id=\"628fc50\" data-element_type=\"widget\" data-widget_type=\"text-editor.default\">\n\t\t\t\t<div class=\"elementor-widget-container\">\n\t\t\t\t\t<div class=\"elementor-text-editor elementor-clearfix\"><p style=\"margin-bottom: 0cm; font-weight: normal; line-height: 100%;\"><em><span style=\"font-family: Adamina; font-size: 10pt;\">\u00ab\u00a0R\u00e9veillez-vous les morts\u00a0!<\/span><\/em><\/p>\n<p style=\"margin-bottom: 0cm; font-weight: normal; line-height: 100%;\"><em><span style=\"font-family: Adamina; font-size: 10pt;\">R\u00e9veillez vous les vivants\u00a0!<\/span><\/em><\/p>\n<p style=\"margin-bottom: 0cm; font-weight: normal; line-height: 100%;\"><em><span style=\"font-family: Adamina; font-size: 10pt;\">\u00c9veille nous, la Mort<\/span><\/em><\/p>\n<p style=\"margin-bottom: 0cm; font-weight: normal; line-height: 100%;\"><em><span style=\"font-family: Adamina; font-size: 10pt;\">Et rend nous bien vivants\u00a0!<\/span><\/em><\/p>\n<p style=\"margin-bottom: 0cm; font-weight: normal; line-height: 100%;\"><em><span style=\"font-family: Adamina; font-size: 10pt;\">Morte vivante<\/span><\/em><\/p>\n<p style=\"margin-bottom: 0cm; font-weight: normal; line-height: 100%;\"><em><span style=\"font-family: Adamina; font-size: 10pt;\">Ou vibrante jusque dans ma mort,<\/span><\/em><\/p>\n<p style=\"margin-bottom: 0cm; font-weight: normal; line-height: 100%;\"><em><span style=\"font-family: Adamina; font-size: 10pt;\">Qu\u2019est-ce que je choisis\u00a0?<\/span><\/em><\/p>\n<p style=\"margin-bottom: 0cm; font-weight: normal; line-height: 100%;\"><em><span style=\"font-family: Adamina; font-size: 10pt;\">Mortel,<\/span><\/em><\/p>\n<p style=\"margin-bottom: 0cm; font-weight: normal; line-height: 100%;\"><em><span style=\"font-family: Adamina; font-size: 10pt;\">Ne diff\u00e8re aucune joie<\/span><\/em><\/p>\n<p style=\"margin-bottom: 0cm; font-weight: normal; line-height: 100%;\"><em><span style=\"font-family: Adamina; font-size: 10pt;\">Que la mort \u00e9claire tes choix.<\/span><\/em><\/p>\n<p style=\"margin-bottom: 0cm; font-weight: normal; line-height: 100%;\"><em><span style=\"font-family: Adamina; font-size: 10pt;\">Morts vivants,<\/span><\/em><\/p>\n<p style=\"margin-bottom: 0cm; font-weight: normal; line-height: 100%;\"><em><span style=\"font-family: Adamina; font-size: 10pt;\">Vivants et morts<\/span><\/em><\/p>\n<p style=\"margin-bottom: 0cm; font-weight: normal; line-height: 100%;\"><em><span style=\"font-family: Adamina; font-size: 10pt;\">Dansons ensemble ce soir,<\/span><\/em><\/p>\n<p style=\"margin-bottom: 0cm; font-weight: normal; line-height: 100%;\"><em><span style=\"font-family: Adamina; font-size: 10pt;\">Racontons nous des histoires\u2026<\/span><\/em><\/p>\n<p style=\"margin-bottom: 0cm; font-weight: normal; line-height: 100%;\"><em><span style=\"font-family: Adamina; font-size: 10pt;\">Est-ce qu\u2019on va pleurer ou bien rire\u00a0?<\/span><\/em><\/p>\n<p style=\"margin-bottom: 0cm; font-weight: normal; line-height: 100%;\"><em><span style=\"font-family: Adamina; font-size: 10pt;\">Et si l\u2019on tremble, est-ce de peur ou de d\u00e9sir\u00a0?<\/span><\/em><\/p>\n<p style=\"margin-bottom: 0cm; font-weight: normal; line-height: 100%;\"><em><span style=\"font-family: Adamina;\"><span style=\"font-size: small;\">Dansons ensemble ce soir\u2026<\/span><\/span><\/em><\/p>\n<p style=\"margin-bottom: 0cm; font-weight: normal; line-height: 100%;\"><em><span style=\"font-family: Adamina;\"><span style=\"font-size: small;\">Mais qui sait si nous reviendrons au m\u00eame endroit et dans le m\u00eame \u00e9tat&#8230;\u00a0\u00bb<\/span><\/span><\/em><\/p><\/div>\n\t\t\t\t<\/div>\n\t\t\t\t<\/div>\n\t\t\t\t\t<\/div>\n\t\t<\/div>\n\t\t\t\t<div class=\"elementor-column elementor-col-50 elementor-top-column elementor-element elementor-element-282f2d6\" data-id=\"282f2d6\" data-element_type=\"column\">\n\t\t\t<div class=\"elementor-widget-wrap elementor-element-populated\">\n\t\t\t\t\t\t\t\t<div class=\"elementor-element elementor-element-5fdabcd elementor-aspect-ratio-169 elementor-widget elementor-widget-video\" data-id=\"5fdabcd\" data-element_type=\"widget\" data-settings=\"{&quot;youtube_url&quot;:&quot;https:\\\/\\\/www.youtube.com\\\/watch?v=6V1HA7KoP_I&quot;,&quot;video_type&quot;:&quot;youtube&quot;,&quot;controls&quot;:&quot;yes&quot;,&quot;aspect_ratio&quot;:&quot;169&quot;}\" data-widget_type=\"video.default\">\n\t\t\t\t<div class=\"elementor-widget-container\">\n\t\t\t\t\t<div class=\"elementor-wrapper elementor-fit-aspect-ratio elementor-open-inline\">\n\t\t\t<div class=\"elementor-video\"><\/div>\t\t<\/div>\n\t\t\t\t<\/div>\n\t\t\t\t<\/div>\n\t\t\t\t\t<\/div>\n\t\t<\/div>\n\t\t\t\t\t\t\t<\/div>\n\t\t<\/section>\n\t\t\t\t<section class=\"elementor-section elementor-top-section elementor-element elementor-element-ecd889b elementor-section-boxed elementor-section-height-default elementor-section-height-default\" data-id=\"ecd889b\" data-element_type=\"section\">\n\t\t\t\t\t\t<div class=\"elementor-container elementor-column-gap-default\">\n\t\t\t\t\t<div class=\"elementor-column elementor-col-33 elementor-top-column elementor-element elementor-element-532a951\" data-id=\"532a951\" data-element_type=\"column\">\n\t\t\t<div class=\"elementor-widget-wrap elementor-element-populated\">\n\t\t\t\t\t\t\t\t<div class=\"elementor-element elementor-element-ca7401f elementor-widget elementor-widget-image\" data-id=\"ca7401f\" data-element_type=\"widget\" data-widget_type=\"image.default\">\n\t\t\t\t<div class=\"elementor-widget-container\">\n\t\t\t\t\t<div class=\"elementor-image\">\n\t\t\t\t\t\t\t\t\t\t<img width=\"850\" height=\"850\" src=\"http:\/\/compagnielesjournaliers.fr\/wp-content\/uploads\/2021\/12\/Petites-fabulations-sur-la-Mort-Cie-les-Journaliers12.jpg\" class=\"attachment-large size-large\" alt=\"\" loading=\"lazy\" srcset=\"http:\/\/compagnielesjournaliers.fr\/wp-content\/uploads\/2021\/12\/Petites-fabulations-sur-la-Mort-Cie-les-Journaliers12.jpg 850w, http:\/\/compagnielesjournaliers.fr\/wp-content\/uploads\/2021\/12\/Petites-fabulations-sur-la-Mort-Cie-les-Journaliers12-300x300.jpg 300w, http:\/\/compagnielesjournaliers.fr\/wp-content\/uploads\/2021\/12\/Petites-fabulations-sur-la-Mort-Cie-les-Journaliers12-150x150.jpg 150w, http:\/\/compagnielesjournaliers.fr\/wp-content\/uploads\/2021\/12\/Petites-fabulations-sur-la-Mort-Cie-les-Journaliers12-768x768.jpg 768w\" sizes=\"(max-width: 850px) 100vw, 850px\" \/>\t\t\t\t\t\t\t\t\t\t\t<\/div>\n\t\t\t\t<\/div>\n\t\t\t\t<\/div>\n\t\t\t\t\t<\/div>\n\t\t<\/div>\n\t\t\t\t<div class=\"elementor-column elementor-col-33 elementor-top-column elementor-element elementor-element-4468e37\" data-id=\"4468e37\" data-element_type=\"column\">\n\t\t\t<div class=\"elementor-widget-wrap elementor-element-populated\">\n\t\t\t\t\t\t\t\t<div class=\"elementor-element elementor-element-8c82f5d elementor-widget elementor-widget-image\" data-id=\"8c82f5d\" data-element_type=\"widget\" data-widget_type=\"image.default\">\n\t\t\t\t<div class=\"elementor-widget-container\">\n\t\t\t\t\t<div class=\"elementor-image\">\n\t\t\t\t\t\t\t\t\t\t<img width=\"850\" height=\"850\" src=\"http:\/\/compagnielesjournaliers.fr\/wp-content\/uploads\/2021\/12\/Petites-fabulations-sur-la-Mort-Cie-les-Journaliers4.jpg\" class=\"attachment-large size-large\" alt=\"\" loading=\"lazy\" srcset=\"http:\/\/compagnielesjournaliers.fr\/wp-content\/uploads\/2021\/12\/Petites-fabulations-sur-la-Mort-Cie-les-Journaliers4.jpg 850w, http:\/\/compagnielesjournaliers.fr\/wp-content\/uploads\/2021\/12\/Petites-fabulations-sur-la-Mort-Cie-les-Journaliers4-300x300.jpg 300w, http:\/\/compagnielesjournaliers.fr\/wp-content\/uploads\/2021\/12\/Petites-fabulations-sur-la-Mort-Cie-les-Journaliers4-150x150.jpg 150w, http:\/\/compagnielesjournaliers.fr\/wp-content\/uploads\/2021\/12\/Petites-fabulations-sur-la-Mort-Cie-les-Journaliers4-768x768.jpg 768w\" sizes=\"(max-width: 850px) 100vw, 850px\" \/>\t\t\t\t\t\t\t\t\t\t\t<\/div>\n\t\t\t\t<\/div>\n\t\t\t\t<\/div>\n\t\t\t\t\t<\/div>\n\t\t<\/div>\n\t\t\t\t<div class=\"elementor-column elementor-col-33 elementor-top-column elementor-element elementor-element-778d74d\" data-id=\"778d74d\" data-element_type=\"column\">\n\t\t\t<div class=\"elementor-widget-wrap elementor-element-populated\">\n\t\t\t\t\t\t\t\t<div class=\"elementor-element elementor-element-40d4f8f elementor-widget elementor-widget-image\" data-id=\"40d4f8f\" data-element_type=\"widget\" data-widget_type=\"image.default\">\n\t\t\t\t<div class=\"elementor-widget-container\">\n\t\t\t\t\t<div class=\"elementor-image\">\n\t\t\t\t\t\t\t\t\t\t<img width=\"843\" height=\"843\" src=\"http:\/\/compagnielesjournaliers.fr\/wp-content\/uploads\/2021\/12\/Petites-fabulations-sur-la-Mort-Cie-les-Journaliers3.jpg\" class=\"attachment-large size-large\" alt=\"\" loading=\"lazy\" srcset=\"http:\/\/compagnielesjournaliers.fr\/wp-content\/uploads\/2021\/12\/Petites-fabulations-sur-la-Mort-Cie-les-Journaliers3.jpg 843w, http:\/\/compagnielesjournaliers.fr\/wp-content\/uploads\/2021\/12\/Petites-fabulations-sur-la-Mort-Cie-les-Journaliers3-300x300.jpg 300w, http:\/\/compagnielesjournaliers.fr\/wp-content\/uploads\/2021\/12\/Petites-fabulations-sur-la-Mort-Cie-les-Journaliers3-150x150.jpg 150w, http:\/\/compagnielesjournaliers.fr\/wp-content\/uploads\/2021\/12\/Petites-fabulations-sur-la-Mort-Cie-les-Journaliers3-768x768.jpg 768w\" sizes=\"(max-width: 843px) 100vw, 843px\" \/>\t\t\t\t\t\t\t\t\t\t\t<\/div>\n\t\t\t\t<\/div>\n\t\t\t\t<\/div>\n\t\t\t\t\t<\/div>\n\t\t<\/div>\n\t\t\t\t\t\t\t<\/div>\n\t\t<\/section>\n\t\t\t\t<section class=\"elementor-section elementor-top-section elementor-element elementor-element-88030e5 elementor-section-boxed elementor-section-height-default elementor-section-height-default\" data-id=\"88030e5\" data-element_type=\"section\">\n\t\t\t\t\t\t<div class=\"elementor-container elementor-column-gap-default\">\n\t\t\t\t\t<div class=\"elementor-column elementor-col-100 elementor-top-column elementor-element elementor-element-0346fa3\" data-id=\"0346fa3\" data-element_type=\"column\">\n\t\t\t<div class=\"elementor-widget-wrap elementor-element-populated\">\n\t\t\t\t\t\t\t\t<div class=\"elementor-element elementor-element-46d9948 elementor-widget elementor-widget-text-editor\" data-id=\"46d9948\" data-element_type=\"widget\" data-widget_type=\"text-editor.default\">\n\t\t\t\t<div class=\"elementor-widget-container\">\n\t\t\t\t\t<div class=\"elementor-text-editor elementor-clearfix\"><p style=\"margin-bottom: 0cm; font-weight: normal; line-height: 100%;\"><span style=\"font-size: 12pt;\">Cette \u0153uvre a \u00e9t\u00e9 cr\u00e9\u00e9e, \u00e0 l\u2019origine, pour les veill\u00e9es <span style=\"font-size: 14pt;\"><strong>\u00abF\u00eates des morts, F\u00eate de la vie !\u00bb<\/strong><\/span> organis\u00e9e par la Cie Les Journaliers \u00e0 l\u2019occasion de la <br \/><\/span><\/p><p style=\"margin-bottom: 0cm; font-weight: normal; line-height: 100%;\"><span style=\"font-size: 12pt;\">Toussaint. <\/span><\/p><p style=\"margin-bottom: 0cm; font-weight: normal; line-height: 100%;\"><span style=\"font-size: 10pt;\"><span style=\"font-size: 12pt;\">Ces veill\u00e9es proposent une<\/span> <span style=\"font-size: 12pt;\">rencontre conviviale, des \u00e9changes et cercle de paroles, des actes po\u00e9tiques pour la F\u00eate des Morts: parlons de la mort, <br \/><\/span><\/span><\/p><p style=\"margin-bottom: 0cm; font-weight: normal; line-height: 100%;\"><span style=\"font-size: 10pt;\"><span style=\"font-size: 12pt;\">de nos<\/span><\/span><span style=\"font-size: 12pt;\"> morts, conjurons nos peurs, acceptons nos tristesses, c\u00e9l\u00e9brons les Vivants et la Mort comme ferment de la Vie. Mangeons, jouons !<\/span><\/p><\/div>\n\t\t\t\t<\/div>\n\t\t\t\t<\/div>\n\t\t\t\t\t<\/div>\n\t\t<\/div>\n\t\t\t\t\t\t\t<\/div>\n\t\t<\/section>\n\t\t\t\t<section class=\"elementor-section elementor-top-section elementor-element elementor-element-3f2906c elementor-section-boxed elementor-section-height-default elementor-section-height-default\" data-id=\"3f2906c\" data-element_type=\"section\">\n\t\t\t\t\t\t<div class=\"elementor-container elementor-column-gap-default\">\n\t\t\t\t\t<div class=\"elementor-column elementor-col-50 elementor-top-column elementor-element elementor-element-a9969b9\" data-id=\"a9969b9\" data-element_type=\"column\">\n\t\t\t<div class=\"elementor-widget-wrap elementor-element-populated\">\n\t\t\t\t\t\t\t\t<div class=\"elementor-element elementor-element-e675454 elementor-arrows-position-inside elementor-pagination-position-outside elementor-widget elementor-widget-image-carousel\" data-id=\"e675454\" data-element_type=\"widget\" data-settings=\"{&quot;slides_to_show&quot;:&quot;3&quot;,&quot;navigation&quot;:&quot;both&quot;,&quot;autoplay&quot;:&quot;yes&quot;,&quot;pause_on_hover&quot;:&quot;yes&quot;,&quot;pause_on_interaction&quot;:&quot;yes&quot;,&quot;autoplay_speed&quot;:5000,&quot;infinite&quot;:&quot;yes&quot;,&quot;speed&quot;:500}\" data-widget_type=\"image-carousel.default\">\n\t\t\t\t<div class=\"elementor-widget-container\">\n\t\t\t\t\t<div class=\"elementor-image-carousel-wrapper swiper-container\" dir=\"ltr\">\n\t\t\t<div class=\"elementor-image-carousel swiper-wrapper\">\n\t\t\t\t<div class=\"swiper-slide\"><figure class=\"swiper-slide-inner\"><img class=\"swiper-slide-image\" src=\"http:\/\/compagnielesjournaliers.fr\/wp-content\/uploads\/2021\/12\/Fe\u2560\u0412te-des-Morts-Flyer--211x300.jpg\" alt=\"Fe\u2560\u0412te des Morts Flyer\" \/><\/figure><\/div><div class=\"swiper-slide\"><figure class=\"swiper-slide-inner\"><img class=\"swiper-slide-image\" src=\"http:\/\/compagnielesjournaliers.fr\/wp-content\/uploads\/2021\/06\/125135455_o-215x300.jpg\" alt=\"125135455_o\" \/><\/figure><\/div><div class=\"swiper-slide\"><figure class=\"swiper-slide-inner\"><img class=\"swiper-slide-image\" src=\"http:\/\/compagnielesjournaliers.fr\/wp-content\/uploads\/2021\/05\/125135458_o-225x300.jpg\" alt=\"125135458_o\" \/><\/figure><\/div>\t\t\t<\/div>\n\t\t\t\t\t\t\t\t\t\t\t\t<div class=\"swiper-pagination\"><\/div>\n\t\t\t\t\t\t\t\t\t\t\t\t\t<div class=\"elementor-swiper-button elementor-swiper-button-prev\">\n\t\t\t\t\t\t<i class=\"eicon-chevron-left\" aria-hidden=\"true\"><\/i>\n\t\t\t\t\t\t<span class=\"elementor-screen-only\">Pr\u00e9c\u00e9dent<\/span>\n\t\t\t\t\t<\/div>\n\t\t\t\t\t<div class=\"elementor-swiper-button elementor-swiper-button-next\">\n\t\t\t\t\t\t<i class=\"eicon-chevron-right\" aria-hidden=\"true\"><\/i>\n\t\t\t\t\t\t<span class=\"elementor-screen-only\">Suivant<\/span>\n\t\t\t\t\t<\/div>\n\t\t\t\t\t\t\t\t\t<\/div>\n\t\t\t\t<\/div>\n\t\t\t\t<\/div>\n\t\t\t\t\t<\/div>\n\t\t<\/div>\n\t\t\t\t<div class=\"elementor-column elementor-col-50 elementor-top-column elementor-element elementor-element-c974041\" data-id=\"c974041\" data-element_type=\"column\">\n\t\t\t<div class=\"elementor-widget-wrap elementor-element-populated\">\n\t\t\t\t\t\t\t\t<div class=\"elementor-element elementor-element-d7c6e74 elementor-widget elementor-widget-text-editor\" data-id=\"d7c6e74\" data-element_type=\"widget\" data-widget_type=\"text-editor.default\">\n\t\t\t\t<div class=\"elementor-widget-container\">\n\t\t\t\t\t<div class=\"elementor-text-editor elementor-clearfix\"><p><span style=\"font-family: Adamina; font-size: 12pt;\">Nos cimeti\u00e8res sont tristes et nos f\u00eates de Toussaint bien lugubres.<\/span><br \/><span style=\"font-family: Adamina; font-size: 12pt;\">Les exploitations commerciales ont vid\u00e9 Halloween de sa chair&#8230;<\/span><br \/><span style=\"font-family: Adamina; font-size: 12pt;\">Nous voulons <strong>r\u00e9enchanter<\/strong> cette saison d&rsquo;automne et<\/span><br \/><span style=\"font-family: Adamina; font-size: 12pt;\">redonner <strong>du sens \u00e0 la F\u00eate des Morts<\/strong> !<\/span><\/p><\/div>\n\t\t\t\t<\/div>\n\t\t\t\t<\/div>\n\t\t\t\t\t<\/div>\n\t\t<\/div>\n\t\t\t\t\t\t\t<\/div>\n\t\t<\/section>\n\t\t\t\t<section class=\"elementor-section elementor-top-section elementor-element elementor-element-74cf843 elementor-section-boxed elementor-section-height-default elementor-section-height-default\" data-id=\"74cf843\" data-element_type=\"section\">\n\t\t\t\t\t\t<div class=\"elementor-container elementor-column-gap-default\">\n\t\t\t\t\t<div class=\"elementor-column elementor-col-50 elementor-top-column elementor-element elementor-element-b26418a\" data-id=\"b26418a\" data-element_type=\"column\">\n\t\t\t<div class=\"elementor-widget-wrap elementor-element-populated\">\n\t\t\t\t\t\t\t\t<div class=\"elementor-element elementor-element-ba846d0 elementor-widget elementor-widget-text-editor\" data-id=\"ba846d0\" data-element_type=\"widget\" data-widget_type=\"text-editor.default\">\n\t\t\t\t<div class=\"elementor-widget-container\">\n\t\t\t\t\t<div class=\"elementor-text-editor elementor-clearfix\"><p><span style=\"font-family: Adamina;\">Nous organisons depuis plusieurs ann\u00e9es des \u00e9v\u00e9nements nomm\u00e9s \u00ab F\u00eate des <\/span><span style=\"font-family: Adamina;\">morts, F\u00eate de la Vie ! \u00bb qui se d\u00e9roulent en 3 temps :<\/span><br \/><span style=\"font-family: Adamina;\">1- Un temps artistique<\/span><br \/><span style=\"font-family: Adamina;\">Avec un spectacle \u00ab Petites Fabulations sur la Mort \u00bb qui explore notre rapport \u00e0 <\/span><span style=\"font-family: Adamina;\">la mort sous diff\u00e9rentes facettes (voir descriptif). Accessible \u00e0 tout public<\/span><br \/><span style=\"font-family: Adamina;\">2- Un temps de ripailles<\/span><br \/><span style=\"font-family: Adamina;\">Partager un verre et un en-cas de saison <\/span><span style=\"font-family: Adamina;\">C\u00e9l\u00e9brer la Vie qui nous a \u00e9t\u00e9 transmise en faisant \u00ab bonne ch\u00e8re \u00bb, car \u00ab c&rsquo;est \u00e0<\/span><br \/><span style=\"font-family: Adamina;\">notre tour d&rsquo;\u00eatre vivants ! \u00bb<\/span><br \/><span style=\"font-family: Adamina;\">3- Un temps de palabres<\/span><br \/><span style=\"font-family: Adamina;\">Dans l&rsquo;esprit d&rsquo;une veill\u00e9e autour du feu, c&rsquo;est un temps pour \u00eatre ensemble, <\/span><span style=\"font-family: Adamina;\">partager nos pens\u00e9es, nos exp\u00e9riences, des textes ou oeuvres inspirantes, rester en <\/span><span style=\"font-family: Adamina;\">silence&#8230; Osons parler de la mort, de nos morts , m\u00e9diter le myst\u00e8re, conjurer nos<\/span><br \/><span style=\"font-family: Adamina;\">peurs, accepter nos tristesses ou nos joies d&rsquo;\u00eatre pleinement vivants \u2026<\/span><br \/><span style=\"font-family: Adamina;\">C&rsquo;est un espace de partage ouvert \u00e0 tous mais sans obligation, qui se veut <\/span><span style=\"font-family: Adamina;\">convivial et chaleureux, simple et profond.<\/span><br \/><span style=\"font-family: Adamina;\">Les artistes de la compagnie, form\u00e9s \u00e0 mener des groupes de paroles et des <\/span><span style=\"font-family: Adamina;\">cercles de discussions philosophiques, animent cet \u00e9change de parole<\/span>s<\/p><\/div>\n\t\t\t\t<\/div>\n\t\t\t\t<\/div>\n\t\t\t\t\t<\/div>\n\t\t<\/div>\n\t\t\t\t<div class=\"elementor-column elementor-col-50 elementor-top-column elementor-element elementor-element-d6cd261\" data-id=\"d6cd261\" data-element_type=\"column\">\n\t\t\t<div class=\"elementor-widget-wrap\">\n\t\t\t\t\t\t\t\t\t<\/div>\n\t\t<\/div>\n\t\t\t\t\t\t\t<\/div>\n\t\t<\/section>\n\t\t\t\t\t\t<\/div>\n\t\t\t\t\t<\/div>\n\t\t","protected":false},"excerpt":{"rendered":"<p>Petites fabulations sur la mort \u00a0 \u00a0 \u00a0 \u00a0 \u00a0 Une exploration sensible et po\u00e9tique de notre relation \u00e0 la mort Avec Fabrice Bony, musicien \u00a0 \u00a0 \u00ab\u00a0R\u00e9veillez-vous les morts\u00a0! R\u00e9veillez vous les vivants\u00a0! \u00c9veille nous, la Mort Et rend nous bien vivants\u00a0! Morte vivante Ou vibrante jusque dans ma mort, Qu\u2019est-ce que je choisis\u00a0? [&hellip;]<\/p>\n","protected":false},"author":1,"featured_media":0,"parent":0,"menu_order":0,"comment_status":"closed","ping_status":"closed","template":"full-width.php","meta":[],"_links":{"self":[{"href":"http:\/\/compagnielesjournaliers.fr\/index.php?rest_route=\/wp\/v2\/pages\/498"}],"collection":[{"href":"http:\/\/compagnielesjournaliers.fr\/index.php?rest_route=\/wp\/v2\/pages"}],"about":[{"href":"http:\/\/compagnielesjournaliers.fr\/index.php?rest_route=\/wp\/v2\/types\/page"}],"author":[{"embeddable":true,"href":"http:\/\/compagnielesjournaliers.fr\/index.php?rest_route=\/wp\/v2\/users\/1"}],"replies":[{"embeddable":true,"href":"http:\/\/compagnielesjournaliers.fr\/index.php?rest_route=%2Fwp%2Fv2%2Fcomments&post=498"}],"version-history":[{"count":276,"href":"http:\/\/compagnielesjournaliers.fr\/index.php?rest_route=\/wp\/v2\/pages\/498\/revisions"}],"predecessor-version":[{"id":2702,"href":"http:\/\/compagnielesjournaliers.fr\/index.php?rest_route=\/wp\/v2\/pages\/498\/revisions\/2702"}],"wp:attachment":[{"href":"http:\/\/compagnielesjournaliers.fr\/index.php?rest_route=%2Fwp%2Fv2%2Fmedia&parent=498"}],"curies":[{"name":"wp","href":"https:\/\/api.w.org\/{rel}","templated":true}]}}