{"id":496,"date":"2021-05-06T10:13:47","date_gmt":"2021-05-06T08:13:47","guid":{"rendered":"http:\/\/compagnielesjournaliers.fr\/?page_id=496"},"modified":"2022-01-20T14:47:24","modified_gmt":"2022-01-20T13:47:24","slug":"g","status":"publish","type":"page","link":"http:\/\/compagnielesjournaliers.fr\/?page_id=496","title":{"rendered":"Des M\u00e9tamorphoses"},"content":{"rendered":"\t\t<div data-elementor-type=\"wp-page\" data-elementor-id=\"496\" class=\"elementor elementor-496\" data-elementor-settings=\"[]\">\n\t\t\t\t\t\t\t<div class=\"elementor-section-wrap\">\n\t\t\t\t\t\t\t<section class=\"elementor-section elementor-top-section elementor-element elementor-element-7b4415da elementor-section-boxed elementor-section-height-default elementor-section-height-default\" data-id=\"7b4415da\" data-element_type=\"section\">\n\t\t\t\t\t\t<div class=\"elementor-container elementor-column-gap-default\">\n\t\t\t\t\t<div class=\"elementor-column elementor-col-100 elementor-top-column elementor-element elementor-element-4d2c6ad1\" data-id=\"4d2c6ad1\" data-element_type=\"column\">\n\t\t\t<div class=\"elementor-widget-wrap elementor-element-populated\">\n\t\t\t\t\t\t\t\t<div class=\"elementor-element elementor-element-407e076 elementor-widget elementor-widget-text-editor\" data-id=\"407e076\" data-element_type=\"widget\" data-widget_type=\"text-editor.default\">\n\t\t\t\t<div class=\"elementor-widget-container\">\n\t\t\t\t\t<div class=\"elementor-text-editor elementor-clearfix\"><\/div>\n\t\t\t\t<\/div>\n\t\t\t\t<\/div>\n\t\t\t\t\t<\/div>\n\t\t<\/div>\n\t\t\t\t\t\t\t<\/div>\n\t\t<\/section>\n\t\t\t\t<section class=\"elementor-section elementor-top-section elementor-element elementor-element-40cffd1 elementor-section-boxed elementor-section-height-default elementor-section-height-default\" data-id=\"40cffd1\" data-element_type=\"section\">\n\t\t\t\t\t\t<div class=\"elementor-container elementor-column-gap-default\">\n\t\t\t\t\t<div class=\"elementor-column elementor-col-100 elementor-top-column elementor-element elementor-element-b01b862\" data-id=\"b01b862\" data-element_type=\"column\">\n\t\t\t<div class=\"elementor-widget-wrap elementor-element-populated\">\n\t\t\t\t\t\t\t\t<div class=\"elementor-element elementor-element-e9a8012 animated-slow elementor-widget elementor-widget-text-editor\" data-id=\"e9a8012\" data-element_type=\"widget\" data-settings=\"{&quot;_animation&quot;:&quot;none&quot;}\" data-widget_type=\"text-editor.default\">\n\t\t\t\t<div class=\"elementor-widget-container\">\n\t\t\t\t\t<div class=\"elementor-text-editor elementor-clearfix\"><span style=\"color: #9bb5db; font-size: 24pt; font-family: Adamina;\">Des M\u00e9tamorphoses<\/span><\/div>\n\t\t\t\t<\/div>\n\t\t\t\t<\/div>\n\t\t\t\t\t<\/div>\n\t\t<\/div>\n\t\t\t\t\t\t\t<\/div>\n\t\t<\/section>\n\t\t\t\t<section class=\"elementor-section elementor-top-section elementor-element elementor-element-0751f07 elementor-section-boxed elementor-section-height-default elementor-section-height-default\" data-id=\"0751f07\" data-element_type=\"section\">\n\t\t\t\t\t\t<div class=\"elementor-container elementor-column-gap-default\">\n\t\t\t\t\t<div class=\"elementor-column elementor-col-100 elementor-top-column elementor-element elementor-element-878d661\" data-id=\"878d661\" data-element_type=\"column\">\n\t\t\t<div class=\"elementor-widget-wrap elementor-element-populated\">\n\t\t\t\t\t\t\t\t<div class=\"elementor-element elementor-element-375f6ef elementor-widget elementor-widget-text-editor\" data-id=\"375f6ef\" data-element_type=\"widget\" data-widget_type=\"text-editor.default\">\n\t\t\t\t<div class=\"elementor-widget-container\">\n\t\t\t\t\t<div class=\"elementor-text-editor elementor-clearfix\"><p>musique de Fabrice Bony et Samantha Zaccarie\u00a0\u00a0<\/p><\/div>\n\t\t\t\t<\/div>\n\t\t\t\t<\/div>\n\t\t\t\t\t<\/div>\n\t\t<\/div>\n\t\t\t\t\t\t\t<\/div>\n\t\t<\/section>\n\t\t\t\t<section class=\"elementor-section elementor-top-section elementor-element elementor-element-8aa4f16 elementor-section-boxed elementor-section-height-default elementor-section-height-default\" data-id=\"8aa4f16\" data-element_type=\"section\">\n\t\t\t\t\t\t<div class=\"elementor-container elementor-column-gap-default\">\n\t\t\t\t\t<div class=\"elementor-column elementor-col-100 elementor-top-column elementor-element elementor-element-b4cd442\" data-id=\"b4cd442\" data-element_type=\"column\">\n\t\t\t<div class=\"elementor-widget-wrap elementor-element-populated\">\n\t\t\t\t\t\t\t\t<div class=\"elementor-element elementor-element-56d2148 elementor-widget elementor-widget-image\" data-id=\"56d2148\" data-element_type=\"widget\" data-widget_type=\"image.default\">\n\t\t\t\t<div class=\"elementor-widget-container\">\n\t\t\t\t\t<div class=\"elementor-image\">\n\t\t\t\t\t\t\t\t\t\t<img width=\"768\" height=\"512\" src=\"http:\/\/compagnielesjournaliers.fr\/wp-content\/uploads\/2022\/01\/thumbnail_Metamorphoses-credit-photo-Thierry-Guillot-768x512.jpg\" class=\"attachment-medium_large size-medium_large\" alt=\"\" loading=\"lazy\" srcset=\"http:\/\/compagnielesjournaliers.fr\/wp-content\/uploads\/2022\/01\/thumbnail_Metamorphoses-credit-photo-Thierry-Guillot-768x512.jpg 768w, http:\/\/compagnielesjournaliers.fr\/wp-content\/uploads\/2022\/01\/thumbnail_Metamorphoses-credit-photo-Thierry-Guillot-300x200.jpg 300w, http:\/\/compagnielesjournaliers.fr\/wp-content\/uploads\/2022\/01\/thumbnail_Metamorphoses-credit-photo-Thierry-Guillot.jpg 981w\" sizes=\"(max-width: 768px) 100vw, 768px\" \/>\t\t\t\t\t\t\t\t\t\t\t<\/div>\n\t\t\t\t<\/div>\n\t\t\t\t<\/div>\n\t\t\t\t\t<\/div>\n\t\t<\/div>\n\t\t\t\t\t\t\t<\/div>\n\t\t<\/section>\n\t\t\t\t<section class=\"elementor-section elementor-top-section elementor-element elementor-element-89eab91 elementor-section-boxed elementor-section-height-default elementor-section-height-default\" data-id=\"89eab91\" data-element_type=\"section\">\n\t\t\t\t\t\t<div class=\"elementor-container elementor-column-gap-default\">\n\t\t\t\t\t<div class=\"elementor-column elementor-col-100 elementor-top-column elementor-element elementor-element-f176c9f\" data-id=\"f176c9f\" data-element_type=\"column\">\n\t\t\t<div class=\"elementor-widget-wrap elementor-element-populated\">\n\t\t\t\t\t\t\t\t<div class=\"elementor-element elementor-element-b079868 elementor-widget elementor-widget-text-editor\" data-id=\"b079868\" data-element_type=\"widget\" data-widget_type=\"text-editor.default\">\n\t\t\t\t<div class=\"elementor-widget-container\">\n\t\t\t\t\t<div class=\"elementor-text-editor elementor-clearfix\"><p style=\"margin-bottom: 0cm; line-height: 100%;\"><span style=\"color: #7a7a7a; font-size: 12pt;\"><b>Des M<\/b><strong>\u00e9tamorphose<\/strong>s<b>, <\/b><b>un projet artistique<\/b><\/span><\/p>\n<p style=\"margin-bottom: 0cm; line-height: 100%;\"><span style=\"color: #7a7a7a; font-size: 12pt;\"><b> <\/b><span style=\"font-family: DCLYKK+Didot-Italic, serif;\"><i><span style=\"font-weight: normal;\">N\u00e9 de la coop\u00e9ration entre Fabrice BONY (composition, batterie, percussions, guitares) <\/span><\/i><\/span><span style=\"font-family: DCLYKK+Didot-Italic, serif;\"><i><span style=\"font-weight: normal;\">&amp; <\/span><\/i><\/span><span style=\"font-family: DCLYKK+Didot-Italic, serif;\"><i><span style=\"font-weight: normal;\">Samantha ZACCARIE (guimbardes, chant, photographie), un album 6 <br><\/span><\/i><\/span><\/span><\/p><p style=\"margin-bottom: 0cm; line-height: 100%;\"><span style=\"color: #7a7a7a; font-size: 12pt;\"><span style=\"font-family: DCLYKK+Didot-Italic, serif;\"><i><span style=\"font-weight: normal;\">titres est paru fin juin 2020. <\/span><\/i><\/span><span style=\"font-style: normal;\"><b><br><\/b><\/span><\/span><\/p>\n<p style=\"margin-bottom: 0cm; line-height: 100%;\"><span style=\"color: #7a7a7a; font-size: 12pt;\"><span style=\"font-style: normal;\"><b>Qui allie Musique et Danse<\/b><\/span><span style=\"font-style: normal;\"><b><br><\/b><\/span><\/span><\/p>\n<p style=\"margin-bottom: 0cm; line-height: 100%;\"><span style=\"color: #7a7a7a; font-size: 12pt;\"><b> <\/b><span style=\"font-family: DCLYKK+Didot-Italic, serif;\"><i><span style=\"font-weight: normal;\">Un travail avec Laure THOMAS <\/span><\/i><\/span><span style=\"font-family: DCLYKK+Didot-Italic, serif;\"><i><span style=\"font-weight: normal;\">&amp; <\/span><\/i><\/span><span style=\"font-family: DCLYKK+Didot-Italic, serif;\"><i><span style=\"font-weight: normal;\">Fr\u00e9d\u00e9ric SAREZZA de la Cie LES JOURNALIERS (arts de la rue, th\u00e9\u00e2tre gestuel, danse) s\u2019est ensuite \u00e9labor\u00e9 spontan\u00e9ment. La <br><\/span><\/i><\/span><\/span><\/p><p style=\"margin-bottom: 0cm; line-height: 100%;\"><span style=\"color: #7a7a7a; font-size: 12pt;\"><span style=\"font-family: DCLYKK+Didot-Italic, serif;\"><i><span style=\"font-weight: normal;\">musique insufflant un \u00e9lan \u00e0 la danse et les danseurs offrant aux musiciens de nouveaux horizons musicaux\u2026 Telle une respiration, le spectacle oscille entre <br><\/span><\/i><\/span><\/span><\/p><p style=\"margin-bottom: 0cm; line-height: 100%;\"><span style=\"color: #7a7a7a; font-size: 12pt;\"><span style=\"font-family: DCLYKK+Didot-Italic, serif;\"><i><span style=\"font-weight: normal;\">trame structur\u00e9e et moments improvis\u00e9s. <\/span><span style=\"font-weight: normal;\"><br><\/span><\/i><\/span><\/span><\/p>\n<p style=\"margin-bottom: 0cm; line-height: 100%;\"><span style=\"color: #7a7a7a; font-size: 12pt;\"><span style=\"font-family: DCLYKK+Didot-Italic, serif;\"><i><span style=\"font-weight: normal;\"><b>R<\/b><\/span><\/i><\/span><span style=\"font-style: normal;\"><b>aconte nos changements d \u2019 \u00e9tats &#8230;<br><\/b><\/span><\/span><\/p>\n<p style=\"margin-bottom: 0cm; line-height: 100%;\"><span style=\"color: #7a7a7a; font-size: 12pt;\"><i><span style=\"font-weight: normal;\">Pr\u00e9sents entre Terre et Ciel, nous parcourons l\u2019Espace et le Temps, incessamment travers\u00e9s par des forces qui nous transforment. De l\u2019animal au v\u00e9g\u00e9tal, de la <br><\/span><\/i><\/span><\/p><p style=\"margin-bottom: 0cm; line-height: 100%;\"><span style=\"color: #7a7a7a; font-size: 12pt;\"><i><span style=\"font-weight: normal;\">pierre \u00e0 l\u2019humain, du lourd \u00e0 l\u2019a\u00e9rien, de l\u2019ombre \u00e0 la lumi\u00e8re, de la naissance \u00e0 la mort, tout n\u2019est que transition, pas-sage, inter-relation. Des M\u00e9tamorphoses est <br><\/span><\/i><\/span><\/p><p style=\"margin-bottom: 0cm; line-height: 100%;\"><span style=\"color: #7a7a7a; font-size: 12pt;\"><i><span style=\"font-weight: normal;\">un spectacle sur l\u2019histoire de la destin\u00e9e des \u00e2mes et des p\u00e9rip\u00e9ties du corps. <\/span><\/i><span style=\"font-style: normal;\"><b><br><\/b><\/span><\/span><\/p>\n<p style=\"margin-bottom: 0cm; line-height: 100%;\"><span style=\"color: #7a7a7a;\"><span style=\"font-size: 12pt;\"><span style=\"font-style: normal;\"><b>Et rime avec&nbsp; O S E&nbsp; <\/b><\/span><span style=\"font-style: normal;\"><b>&amp;&nbsp; <\/b><\/span><\/span><span style=\"font-size: small;\"><span style=\"font-style: normal;\"><b><span style=\"font-size: 12pt;\">O S M O S E !<\/span><\/b><\/span><\/span><\/span><\/p><\/div>\n\t\t\t\t<\/div>\n\t\t\t\t<\/div>\n\t\t\t\t\t<\/div>\n\t\t<\/div>\n\t\t\t\t\t\t\t<\/div>\n\t\t<\/section>\n\t\t\t\t<section class=\"elementor-section elementor-top-section elementor-element elementor-element-c7397e9 elementor-section-boxed elementor-section-height-default elementor-section-height-default\" data-id=\"c7397e9\" data-element_type=\"section\">\n\t\t\t\t\t\t<div class=\"elementor-container elementor-column-gap-default\">\n\t\t\t\t\t<div class=\"elementor-column elementor-col-33 elementor-top-column elementor-element elementor-element-f2681f4\" data-id=\"f2681f4\" data-element_type=\"column\">\n\t\t\t<div class=\"elementor-widget-wrap elementor-element-populated\">\n\t\t\t\t\t\t\t\t<div class=\"elementor-element elementor-element-5b25f61 elementor-widget elementor-widget-image\" data-id=\"5b25f61\" data-element_type=\"widget\" data-widget_type=\"image.default\">\n\t\t\t\t<div class=\"elementor-widget-container\">\n\t\t\t\t\t<div class=\"elementor-image\">\n\t\t\t\t\t\t\t<figure class=\"wp-caption\">\n\t\t\t\t\t\t\t\t\t\t<img width=\"370\" height=\"225\" src=\"http:\/\/compagnielesjournaliers.fr\/wp-content\/uploads\/2021\/09\/Redim-850-DSC04278-r-nb-370x225.jpg\" class=\"attachment-bizstart-about-thumbnail size-bizstart-about-thumbnail\" alt=\"\" loading=\"lazy\" \/>\t\t\t\t\t\t\t\t\t\t\t<figcaption class=\"widget-image-caption wp-caption-text\">Photo Guy Kunz-Jacques<\/figcaption>\n\t\t\t\t\t\t\t\t\t\t<\/figure>\n\t\t\t\t\t<\/div>\n\t\t\t\t<\/div>\n\t\t\t\t<\/div>\n\t\t\t\t\t<\/div>\n\t\t<\/div>\n\t\t\t\t<div class=\"elementor-column elementor-col-33 elementor-top-column elementor-element elementor-element-d67f3e9\" data-id=\"d67f3e9\" data-element_type=\"column\">\n\t\t\t<div class=\"elementor-widget-wrap elementor-element-populated\">\n\t\t\t\t\t\t\t\t<div class=\"elementor-element elementor-element-5cb2490 elementor-widget elementor-widget-image\" data-id=\"5cb2490\" data-element_type=\"widget\" data-widget_type=\"image.default\">\n\t\t\t\t<div class=\"elementor-widget-container\">\n\t\t\t\t\t<div class=\"elementor-image\">\n\t\t\t\t\t\t\t<figure class=\"wp-caption\">\n\t\t\t\t\t\t\t\t\t\t<img width=\"370\" height=\"225\" src=\"http:\/\/compagnielesjournaliers.fr\/wp-content\/uploads\/2022\/01\/P1460992-370x225.jpg\" class=\"attachment-bizstart-about-thumbnail size-bizstart-about-thumbnail\" alt=\"\" loading=\"lazy\" \/>\t\t\t\t\t\t\t\t\t\t\t<figcaption class=\"widget-image-caption wp-caption-text\">Photo Manon Plezent<\/figcaption>\n\t\t\t\t\t\t\t\t\t\t<\/figure>\n\t\t\t\t\t<\/div>\n\t\t\t\t<\/div>\n\t\t\t\t<\/div>\n\t\t\t\t\t<\/div>\n\t\t<\/div>\n\t\t\t\t<div class=\"elementor-column elementor-col-33 elementor-top-column elementor-element elementor-element-7cfa7fc\" data-id=\"7cfa7fc\" data-element_type=\"column\">\n\t\t\t<div class=\"elementor-widget-wrap elementor-element-populated\">\n\t\t\t\t\t\t\t\t<div class=\"elementor-element elementor-element-20ac6b0 elementor-widget elementor-widget-image\" data-id=\"20ac6b0\" data-element_type=\"widget\" data-widget_type=\"image.default\">\n\t\t\t\t<div class=\"elementor-widget-container\">\n\t\t\t\t\t<div class=\"elementor-image\">\n\t\t\t\t\t\t\t<figure class=\"wp-caption\">\n\t\t\t\t\t\t\t\t\t\t<img width=\"980\" height=\"654\" src=\"http:\/\/compagnielesjournaliers.fr\/wp-content\/uploads\/2022\/01\/P1470125-1024x683.jpg\" class=\"attachment-large size-large\" alt=\"\" loading=\"lazy\" srcset=\"http:\/\/compagnielesjournaliers.fr\/wp-content\/uploads\/2022\/01\/P1470125-1024x683.jpg 1024w, http:\/\/compagnielesjournaliers.fr\/wp-content\/uploads\/2022\/01\/P1470125-300x200.jpg 300w, http:\/\/compagnielesjournaliers.fr\/wp-content\/uploads\/2022\/01\/P1470125-768x512.jpg 768w, http:\/\/compagnielesjournaliers.fr\/wp-content\/uploads\/2022\/01\/P1470125-1536x1024.jpg 1536w, http:\/\/compagnielesjournaliers.fr\/wp-content\/uploads\/2022\/01\/P1470125-2048x1365.jpg 2048w\" sizes=\"(max-width: 980px) 100vw, 980px\" \/>\t\t\t\t\t\t\t\t\t\t\t<figcaption class=\"widget-image-caption wp-caption-text\">Photo Manon Plezent<\/figcaption>\n\t\t\t\t\t\t\t\t\t\t<\/figure>\n\t\t\t\t\t<\/div>\n\t\t\t\t<\/div>\n\t\t\t\t<\/div>\n\t\t\t\t\t<\/div>\n\t\t<\/div>\n\t\t\t\t\t\t\t<\/div>\n\t\t<\/section>\n\t\t\t\t<section class=\"elementor-section elementor-top-section elementor-element elementor-element-4df56a6 elementor-section-boxed elementor-section-height-default elementor-section-height-default\" data-id=\"4df56a6\" data-element_type=\"section\">\n\t\t\t\t\t\t<div class=\"elementor-container elementor-column-gap-default\">\n\t\t\t\t\t<div class=\"elementor-column elementor-col-25 elementor-top-column elementor-element elementor-element-92d3821\" data-id=\"92d3821\" data-element_type=\"column\">\n\t\t\t<div class=\"elementor-widget-wrap\">\n\t\t\t\t\t\t\t\t\t<\/div>\n\t\t<\/div>\n\t\t\t\t<div class=\"elementor-column elementor-col-25 elementor-top-column elementor-element elementor-element-0d440cd\" data-id=\"0d440cd\" data-element_type=\"column\">\n\t\t\t<div class=\"elementor-widget-wrap\">\n\t\t\t\t\t\t\t\t\t<\/div>\n\t\t<\/div>\n\t\t\t\t<div class=\"elementor-column elementor-col-25 elementor-top-column elementor-element elementor-element-89e5229\" data-id=\"89e5229\" data-element_type=\"column\">\n\t\t\t<div class=\"elementor-widget-wrap\">\n\t\t\t\t\t\t\t\t\t<\/div>\n\t\t<\/div>\n\t\t\t\t<div class=\"elementor-column elementor-col-25 elementor-top-column elementor-element elementor-element-16ba224\" data-id=\"16ba224\" data-element_type=\"column\">\n\t\t\t<div class=\"elementor-widget-wrap\">\n\t\t\t\t\t\t\t\t\t<\/div>\n\t\t<\/div>\n\t\t\t\t\t\t\t<\/div>\n\t\t<\/section>\n\t\t\t\t<section class=\"elementor-section elementor-top-section elementor-element elementor-element-685ee90 elementor-section-boxed elementor-section-height-default elementor-section-height-default\" data-id=\"685ee90\" data-element_type=\"section\">\n\t\t\t\t\t\t<div class=\"elementor-container elementor-column-gap-default\">\n\t\t\t\t\t<div class=\"elementor-column elementor-col-33 elementor-top-column elementor-element elementor-element-0b73c9f\" data-id=\"0b73c9f\" data-element_type=\"column\">\n\t\t\t<div class=\"elementor-widget-wrap elementor-element-populated\">\n\t\t\t\t\t\t\t\t<div class=\"elementor-element elementor-element-8929ae8 elementor-align-right elementor-widget elementor-widget-button\" data-id=\"8929ae8\" data-element_type=\"widget\" data-widget_type=\"button.default\">\n\t\t\t\t<div class=\"elementor-widget-container\">\n\t\t\t\t\t<div class=\"elementor-button-wrapper\">\n\t\t\t<a href=\"https:\/\/fabricebony.bandcamp.com\/album\/metamorphoses\" class=\"elementor-button-link elementor-button elementor-size-xs\" role=\"button\">\n\t\t\t\t\t\t<span class=\"elementor-button-content-wrapper\">\n\t\t\t\t\t\t<span class=\"elementor-button-icon elementor-align-icon-left\">\n\t\t\t\t<i aria-hidden=\"true\" class=\"far fa-play-circle\"><\/i>\t\t\t<\/span>\n\t\t\t\t\t\t<span class=\"elementor-button-text\">Ecouter l' album<\/span>\n\t\t<\/span>\n\t\t\t\t\t<\/a>\n\t\t<\/div>\n\t\t\t\t<\/div>\n\t\t\t\t<\/div>\n\t\t\t\t\t<\/div>\n\t\t<\/div>\n\t\t\t\t<div class=\"elementor-column elementor-col-33 elementor-top-column elementor-element elementor-element-275ed94\" data-id=\"275ed94\" data-element_type=\"column\">\n\t\t\t<div class=\"elementor-widget-wrap elementor-element-populated\">\n\t\t\t\t\t\t\t\t<div class=\"elementor-element elementor-element-8d51057 elementor-widget elementor-widget-image\" data-id=\"8d51057\" data-element_type=\"widget\" data-widget_type=\"image.default\">\n\t\t\t\t<div class=\"elementor-widget-container\">\n\t\t\t\t\t<div class=\"elementor-image\">\n\t\t\t\t\t\t\t\t\t\t\t<a href=\"https:\/\/fabricebony.bandcamp.com\/album\/metamorphoses\">\n\t\t\t\t\t\t\t<img width=\"300\" height=\"300\" src=\"http:\/\/compagnielesjournaliers.fr\/wp-content\/uploads\/2022\/01\/a1510299409_16-300x300.jpg\" class=\"attachment-medium size-medium\" alt=\"\" loading=\"lazy\" srcset=\"http:\/\/compagnielesjournaliers.fr\/wp-content\/uploads\/2022\/01\/a1510299409_16-300x300.jpg 300w, http:\/\/compagnielesjournaliers.fr\/wp-content\/uploads\/2022\/01\/a1510299409_16-150x150.jpg 150w, http:\/\/compagnielesjournaliers.fr\/wp-content\/uploads\/2022\/01\/a1510299409_16.jpg 700w\" sizes=\"(max-width: 300px) 100vw, 300px\" \/>\t\t\t\t\t\t\t\t<\/a>\n\t\t\t\t\t\t\t\t\t\t\t<\/div>\n\t\t\t\t<\/div>\n\t\t\t\t<\/div>\n\t\t\t\t\t<\/div>\n\t\t<\/div>\n\t\t\t\t<div class=\"elementor-column elementor-col-33 elementor-top-column elementor-element elementor-element-1341a55\" data-id=\"1341a55\" data-element_type=\"column\">\n\t\t\t<div class=\"elementor-widget-wrap\">\n\t\t\t\t\t\t\t\t\t<\/div>\n\t\t<\/div>\n\t\t\t\t\t\t\t<\/div>\n\t\t<\/section>\n\t\t\t\t<section class=\"elementor-section elementor-top-section elementor-element elementor-element-1ba93dc elementor-section-boxed elementor-section-height-default elementor-section-height-default\" data-id=\"1ba93dc\" data-element_type=\"section\">\n\t\t\t\t\t\t<div class=\"elementor-container elementor-column-gap-default\">\n\t\t\t\t\t<div class=\"elementor-column elementor-col-100 elementor-top-column elementor-element elementor-element-1009565\" data-id=\"1009565\" data-element_type=\"column\">\n\t\t\t<div class=\"elementor-widget-wrap\">\n\t\t\t\t\t\t\t\t\t<\/div>\n\t\t<\/div>\n\t\t\t\t\t\t\t<\/div>\n\t\t<\/section>\n\t\t\t\t\t\t<\/div>\n\t\t\t\t\t<\/div>\n\t\t","protected":false},"excerpt":{"rendered":"<p>Des M\u00e9tamorphoses musique de Fabrice Bony et Samantha Zaccarie\u00a0\u00a0 Des M\u00e9tamorphoses, un projet artistique N\u00e9 de la coop\u00e9ration entre Fabrice BONY (composition, batterie, percussions, guitares) &amp; Samantha ZACCARIE (guimbardes, chant, photographie), un album 6 titres est paru fin juin 2020. Qui allie Musique et Danse Un travail avec Laure THOMAS &amp; Fr\u00e9d\u00e9ric SAREZZA de la [&hellip;]<\/p>\n","protected":false},"author":1,"featured_media":0,"parent":0,"menu_order":0,"comment_status":"closed","ping_status":"closed","template":"full-width.php","meta":[],"_links":{"self":[{"href":"http:\/\/compagnielesjournaliers.fr\/index.php?rest_route=\/wp\/v2\/pages\/496"}],"collection":[{"href":"http:\/\/compagnielesjournaliers.fr\/index.php?rest_route=\/wp\/v2\/pages"}],"about":[{"href":"http:\/\/compagnielesjournaliers.fr\/index.php?rest_route=\/wp\/v2\/types\/page"}],"author":[{"embeddable":true,"href":"http:\/\/compagnielesjournaliers.fr\/index.php?rest_route=\/wp\/v2\/users\/1"}],"replies":[{"embeddable":true,"href":"http:\/\/compagnielesjournaliers.fr\/index.php?rest_route=%2Fwp%2Fv2%2Fcomments&post=496"}],"version-history":[{"count":84,"href":"http:\/\/compagnielesjournaliers.fr\/index.php?rest_route=\/wp\/v2\/pages\/496\/revisions"}],"predecessor-version":[{"id":2222,"href":"http:\/\/compagnielesjournaliers.fr\/index.php?rest_route=\/wp\/v2\/pages\/496\/revisions\/2222"}],"wp:attachment":[{"href":"http:\/\/compagnielesjournaliers.fr\/index.php?rest_route=%2Fwp%2Fv2%2Fmedia&parent=496"}],"curies":[{"name":"wp","href":"https:\/\/api.w.org\/{rel}","templated":true}]}}