{"id":494,"date":"2021-05-06T10:13:36","date_gmt":"2021-05-06T08:13:36","guid":{"rendered":"http:\/\/compagnielesjournaliers.fr\/?page_id=494"},"modified":"2024-04-04T21:54:05","modified_gmt":"2024-04-04T19:54:05","slug":"f","status":"publish","type":"page","link":"http:\/\/compagnielesjournaliers.fr\/?page_id=494","title":{"rendered":"Les Larmes du monstre"},"content":{"rendered":"\t\t<div data-elementor-type=\"wp-page\" data-elementor-id=\"494\" class=\"elementor elementor-494\" data-elementor-settings=\"[]\">\n\t\t\t\t\t\t\t<div class=\"elementor-section-wrap\">\n\t\t\t\t\t\t\t<section class=\"elementor-section elementor-top-section elementor-element elementor-element-51bec10 elementor-section-boxed elementor-section-height-default elementor-section-height-default\" data-id=\"51bec10\" data-element_type=\"section\">\n\t\t\t\t\t\t<div class=\"elementor-container elementor-column-gap-default\">\n\t\t\t\t\t<div class=\"elementor-column elementor-col-100 elementor-top-column elementor-element elementor-element-2fa859d\" data-id=\"2fa859d\" data-element_type=\"column\">\n\t\t\t<div class=\"elementor-widget-wrap elementor-element-populated\">\n\t\t\t\t\t\t\t\t<div class=\"elementor-element elementor-element-600d7a5 elementor-widget elementor-widget-text-editor\" data-id=\"600d7a5\" data-element_type=\"widget\" data-widget_type=\"text-editor.default\">\n\t\t\t\t<div class=\"elementor-widget-container\">\n\t\t\t\t\t<div class=\"elementor-text-editor elementor-clearfix\"><p class=\"has-large-font-size\"><span style=\"font-size: 24pt;\">Les Larmes du Monstre<\/span><\/p><\/div>\n\t\t\t\t<\/div>\n\t\t\t\t<\/div>\n\t\t\t\t\t<\/div>\n\t\t<\/div>\n\t\t\t\t\t\t\t<\/div>\n\t\t<\/section>\n\t\t\t\t<section class=\"elementor-section elementor-top-section elementor-element elementor-element-8c8e673 elementor-section-boxed elementor-section-height-default elementor-section-height-default\" data-id=\"8c8e673\" data-element_type=\"section\">\n\t\t\t\t\t\t<div class=\"elementor-container elementor-column-gap-default\">\n\t\t\t\t\t<div class=\"elementor-column elementor-col-100 elementor-top-column elementor-element elementor-element-3add1a0\" data-id=\"3add1a0\" data-element_type=\"column\">\n\t\t\t<div class=\"elementor-widget-wrap elementor-element-populated\">\n\t\t\t\t\t\t\t\t<div class=\"elementor-element elementor-element-0872425 elementor-widget elementor-widget-image\" data-id=\"0872425\" data-element_type=\"widget\" data-widget_type=\"image.default\">\n\t\t\t\t<div class=\"elementor-widget-container\">\n\t\t\t\t\t<div class=\"elementor-image\">\n\t\t\t\t\t\t\t<figure class=\"wp-caption\">\n\t\t\t\t\t\t\t\t\t\t<img width=\"1536\" height=\"1152\" src=\"http:\/\/compagnielesjournaliers.fr\/wp-content\/uploads\/2023\/08\/P4060114-1536x1152.jpg\" class=\"attachment-1536x1536 size-1536x1536\" alt=\"\" loading=\"lazy\" srcset=\"http:\/\/compagnielesjournaliers.fr\/wp-content\/uploads\/2023\/08\/P4060114-1536x1152.jpg 1536w, http:\/\/compagnielesjournaliers.fr\/wp-content\/uploads\/2023\/08\/P4060114-300x225.jpg 300w, http:\/\/compagnielesjournaliers.fr\/wp-content\/uploads\/2023\/08\/P4060114-1024x768.jpg 1024w, http:\/\/compagnielesjournaliers.fr\/wp-content\/uploads\/2023\/08\/P4060114-768x576.jpg 768w, http:\/\/compagnielesjournaliers.fr\/wp-content\/uploads\/2023\/08\/P4060114-2048x1536.jpg 2048w\" sizes=\"(max-width: 1536px) 100vw, 1536px\" \/>\t\t\t\t\t\t\t\t\t\t\t<figcaption class=\"widget-image-caption wp-caption-text\">Photo Samantha Zaccarie<\/figcaption>\n\t\t\t\t\t\t\t\t\t\t<\/figure>\n\t\t\t\t\t<\/div>\n\t\t\t\t<\/div>\n\t\t\t\t<\/div>\n\t\t\t\t\t<\/div>\n\t\t<\/div>\n\t\t\t\t\t\t\t<\/div>\n\t\t<\/section>\n\t\t\t\t<section class=\"elementor-section elementor-top-section elementor-element elementor-element-cd5e6a9 elementor-section-boxed elementor-section-height-default elementor-section-height-default\" data-id=\"cd5e6a9\" data-element_type=\"section\">\n\t\t\t\t\t\t<div class=\"elementor-container elementor-column-gap-default\">\n\t\t\t\t\t<div class=\"elementor-column elementor-col-50 elementor-top-column elementor-element elementor-element-9bed36b\" data-id=\"9bed36b\" data-element_type=\"column\">\n\t\t\t<div class=\"elementor-widget-wrap elementor-element-populated\">\n\t\t\t\t\t\t\t\t<div class=\"elementor-element elementor-element-18a8337 elementor-widget elementor-widget-text-editor\" data-id=\"18a8337\" data-element_type=\"widget\" data-widget_type=\"text-editor.default\">\n\t\t\t\t<div class=\"elementor-widget-container\">\n\t\t\t\t\t<div class=\"elementor-text-editor elementor-clearfix\"><p><span style=\"color: #000000;\">&nbsp;&nbsp;&nbsp;<\/span><\/p>\n<p><span style=\"color: #000000;\"><br><\/span><\/p>\n<p><span style=\"color: #000000;\"><br><\/span><\/p><p><span style=\"color: #000000;\">&nbsp; R\u00e9cit initiatique dans\u00e9, cont\u00e9 et masqu\u00e9<\/span><br><span style=\"color: #000000;\">&nbsp;&nbsp;&nbsp;&nbsp;&nbsp;&nbsp;&nbsp;&nbsp;&nbsp;&nbsp;&nbsp;&nbsp;&nbsp; pour adultes et adolescents<\/span><\/p>\n<p><span style=\"color: #000000;\">&nbsp; \u00abQue faire de toi, Monstre ?<\/span><br><span style=\"color: #000000;\">&nbsp; Te perdre au fond d\u2019un labyrinthe ?<\/span><br><span style=\"color: #000000;\">&nbsp; Te fuir, te combattre ? Te regarder en face ?<\/span><br><span style=\"color: #000000;\">&nbsp; Que montres tu, Monstre ?<\/span><br><span style=\"color: #000000;\">&nbsp; Qu\u2019as tu perdu ?<\/span><br><span style=\"color: #000000;\">&nbsp; Qu\u2019as tu fui, combattu ?<\/span><br><span style=\"color: #000000;\">&nbsp; Quel est ce miroir tendu ? \u00bb<\/span><\/p>\n<p><span style=\"color: #000000;\">&nbsp; MONSTRE : lat. monstrum de monere (\u00abavertir, \u00e9clairer,<\/span><br><span style=\"color: #000000;\">&nbsp; inspirer\u00bb), \u00abprodige qui avertit de la volont\u00e9 des<\/span><br><span style=\"color: #000000;\">&nbsp; dieux \u00bb.<\/span><\/p>\n<p><span style=\"color: #000000;\">&nbsp; <strong>\u00c9criture et interpr\u00e9tation<\/strong>: Laure Thomas<\/span><br><span style=\"color: #000000;\">&nbsp; <strong>Mise en sc\u00e8ne<\/strong>: Fr\u00e9d\u00e9ric Sarezza<\/span><br><span style=\"color: #000000;\">&nbsp; <strong>Masques et Accessoires<\/strong>: Cie les Journaliers<\/span><br><span style=\"color: #000000;\">&nbsp; <strong>Musique<\/strong>: Fabrice Bony<\/span><\/p>\n<div>&nbsp;<\/div>\n<div>&nbsp;<\/div>\n<div>&nbsp;<\/div><div><br><\/div><div><br><\/div><\/div>\n\t\t\t\t<\/div>\n\t\t\t\t<\/div>\n\t\t\t\t\t<\/div>\n\t\t<\/div>\n\t\t\t\t<div class=\"elementor-column elementor-col-50 elementor-top-column elementor-element elementor-element-37bf567\" data-id=\"37bf567\" data-element_type=\"column\">\n\t\t\t<div class=\"elementor-widget-wrap elementor-element-populated\">\n\t\t\t\t\t\t\t\t<div class=\"elementor-element elementor-element-df30cc2 elementor-widget elementor-widget-image\" data-id=\"df30cc2\" data-element_type=\"widget\" data-widget_type=\"image.default\">\n\t\t\t\t<div class=\"elementor-widget-container\">\n\t\t\t\t\t<div class=\"elementor-image\">\n\t\t\t\t\t\t\t\t\t\t<img width=\"768\" height=\"1024\" src=\"http:\/\/compagnielesjournaliers.fr\/wp-content\/uploads\/2023\/08\/P4060172-768x1024.jpg\" class=\"attachment-large size-large\" alt=\"\" loading=\"lazy\" srcset=\"http:\/\/compagnielesjournaliers.fr\/wp-content\/uploads\/2023\/08\/P4060172-768x1024.jpg 768w, http:\/\/compagnielesjournaliers.fr\/wp-content\/uploads\/2023\/08\/P4060172-225x300.jpg 225w, http:\/\/compagnielesjournaliers.fr\/wp-content\/uploads\/2023\/08\/P4060172-1152x1536.jpg 1152w, http:\/\/compagnielesjournaliers.fr\/wp-content\/uploads\/2023\/08\/P4060172-1536x2048.jpg 1536w, http:\/\/compagnielesjournaliers.fr\/wp-content\/uploads\/2023\/08\/P4060172-scaled.jpg 1920w\" sizes=\"(max-width: 768px) 100vw, 768px\" \/>\t\t\t\t\t\t\t\t\t\t\t<\/div>\n\t\t\t\t<\/div>\n\t\t\t\t<\/div>\n\t\t\t\t\t<\/div>\n\t\t<\/div>\n\t\t\t\t\t\t\t<\/div>\n\t\t<\/section>\n\t\t\t\t<section class=\"elementor-section elementor-top-section elementor-element elementor-element-1a340d4 elementor-section-boxed elementor-section-height-default elementor-section-height-default\" data-id=\"1a340d4\" data-element_type=\"section\">\n\t\t\t\t\t\t<div class=\"elementor-container elementor-column-gap-default\">\n\t\t\t\t\t<div class=\"elementor-column elementor-col-50 elementor-top-column elementor-element elementor-element-4bd0a55\" data-id=\"4bd0a55\" data-element_type=\"column\">\n\t\t\t<div class=\"elementor-widget-wrap elementor-element-populated\">\n\t\t\t\t\t\t\t\t<div class=\"elementor-element elementor-element-741887e elementor-widget elementor-widget-image\" data-id=\"741887e\" data-element_type=\"widget\" data-widget_type=\"image.default\">\n\t\t\t\t<div class=\"elementor-widget-container\">\n\t\t\t\t\t<div class=\"elementor-image\">\n\t\t\t\t\t\t\t\t\t\t<img width=\"1920\" height=\"2560\" src=\"http:\/\/compagnielesjournaliers.fr\/wp-content\/uploads\/2023\/08\/P4060135-scaled.jpg\" class=\"attachment-full size-full\" alt=\"\" loading=\"lazy\" srcset=\"http:\/\/compagnielesjournaliers.fr\/wp-content\/uploads\/2023\/08\/P4060135-scaled.jpg 1920w, http:\/\/compagnielesjournaliers.fr\/wp-content\/uploads\/2023\/08\/P4060135-225x300.jpg 225w, http:\/\/compagnielesjournaliers.fr\/wp-content\/uploads\/2023\/08\/P4060135-768x1024.jpg 768w, http:\/\/compagnielesjournaliers.fr\/wp-content\/uploads\/2023\/08\/P4060135-1152x1536.jpg 1152w, http:\/\/compagnielesjournaliers.fr\/wp-content\/uploads\/2023\/08\/P4060135-1536x2048.jpg 1536w\" sizes=\"(max-width: 1920px) 100vw, 1920px\" \/>\t\t\t\t\t\t\t\t\t\t\t<\/div>\n\t\t\t\t<\/div>\n\t\t\t\t<\/div>\n\t\t\t\t\t<\/div>\n\t\t<\/div>\n\t\t\t\t<div class=\"elementor-column elementor-col-50 elementor-top-column elementor-element elementor-element-a109cce\" data-id=\"a109cce\" data-element_type=\"column\">\n\t\t\t<div class=\"elementor-widget-wrap elementor-element-populated\">\n\t\t\t\t\t\t\t\t<div class=\"elementor-element elementor-element-f08a05f elementor-widget elementor-widget-text-editor\" data-id=\"f08a05f\" data-element_type=\"widget\" data-widget_type=\"text-editor.default\">\n\t\t\t\t<div class=\"elementor-widget-container\">\n\t\t\t\t\t<div class=\"elementor-text-editor elementor-clearfix\"><p align=\"LEFT\"><span style=\"color: #000000;\"><span style=\"font-family: Courier 10 Pitch;\">\u00a0<\/span><\/span><\/p><p align=\"LEFT\"><span style=\"color: #000000;\"><span style=\"font-family: Courier 10 Pitch;\">\u00ab\u00a0Les Larmes du Monstre\u00a0\u00bb<\/span><\/span><\/p><p align=\"LEFT\"><span style=\"color: #000000;\"><span style=\"font-family: Courier 10 Pitch;\">est une pi\u00e8ce de th\u00e9\u00e2tre gestuel qui utilise le masque, la marionnette, la danse , du texte aussi&#8230; o\u00f9 se d\u00e9ploient, cach\u00e9s dans des valises, des mondes merveilleux, des costumes en papier, du sang en tissu \u2026 <\/span><\/span><\/p><p align=\"LEFT\"><span style=\"color: #000000;\"><span style=\"font-family: Courier 10 Pitch;\">C\u2019est du th\u00e9\u00e2tre de proximit\u00e9, o\u00f9 l\u2019on peut entendre la respiration de la com\u00e9dienne, o\u00f9 l\u2019on prend le temps du silence, o\u00f9 l\u2019on se laisse raconter une histoire&#8230;<\/span><\/span><\/p><p align=\"LEFT\"><span style=\"color: #000000;\"><span style=\"font-family: Courier 10 Pitch;\">Ce r\u00e9cit, avec humilit\u00e9 et pudeur, ose poser un regard sur des sujets aussi difficiles que le cercle vicieux de la violence et des traumas qui se transmettent, que ce soit vers l\u2019ext\u00e9rieur ou vers soi-m\u00eame, tant qu\u2019ils ne sont pas reconnus, des valises transg\u00e9n\u00e9rationnelles, de l\u2019emprise et de la pr\u00e9dation, de la peur et des travestissements derri\u00e8re lesquels on se prot\u00e8ge jusqu\u2019\u00e0 s\u2019y perdre \u2026 <\/span><\/span><\/p><p align=\"LEFT\"><span style=\"color: #000000;\"><span style=\"font-family: Courier 10 Pitch;\">Mais c\u2019est surtout c\u2019est une qu\u00eate courageuse de lucidit\u00e9, d\u2019\u00e9mancipation, de r\u00e9silience, de soin, d\u2019amour\u2026<\/span><\/span><\/p><p align=\"LEFT\"><span style=\"color: #000000;\"><span style=\"font-family: Courier 10 Pitch;\">\u00ab\u00a0Comment soigner nos monstres\u00a0?\u00a0\u00bb, l\u00e0 est la question\u2026<\/span><\/span><\/p><\/div>\n\t\t\t\t<\/div>\n\t\t\t\t<\/div>\n\t\t\t\t\t<\/div>\n\t\t<\/div>\n\t\t\t\t\t\t\t<\/div>\n\t\t<\/section>\n\t\t\t\t<section class=\"elementor-section elementor-top-section elementor-element elementor-element-e824bf2 elementor-section-boxed elementor-section-height-default elementor-section-height-default\" data-id=\"e824bf2\" data-element_type=\"section\">\n\t\t\t\t\t\t<div class=\"elementor-container elementor-column-gap-default\">\n\t\t\t\t\t<div class=\"elementor-column elementor-col-50 elementor-top-column elementor-element elementor-element-6208251\" data-id=\"6208251\" data-element_type=\"column\">\n\t\t\t<div class=\"elementor-widget-wrap elementor-element-populated\">\n\t\t\t\t\t\t\t\t<div class=\"elementor-element elementor-element-413d9b7 elementor-widget elementor-widget-text-editor\" data-id=\"413d9b7\" data-element_type=\"widget\" data-widget_type=\"text-editor.default\">\n\t\t\t\t<div class=\"elementor-widget-container\">\n\t\t\t\t\t<div class=\"elementor-text-editor elementor-clearfix\"><p align=\"LEFT\"><span style=\"color: #000000;\"><span style=\"font-family: Courier 10 Pitch;\">Le th\u00e8me est dur, certes, mais la fa\u00e7on de le traiter offre beaucoup de douceur, de respiration, de beaut\u00e9, d\u2019espoir.<\/span><\/span><\/p><p align=\"LEFT\"><span style=\"color: #000000;\"><span style=\"font-family: Courier 10 Pitch;\"><b>La musique si particuli\u00e8re de Fabrice Bony <\/b>vient enrober ce r\u00e9cit et tend une main rassurante au spectateur qui aurait peur de se perdre dans ces for\u00eats de contes truff\u00e9es de dangers\u2026<\/span><\/span><\/p><p align=\"LEFT\"><span style=\"color: #000000;\"><span style=\"font-family: Courier 10 Pitch;\">Autour de la repr\u00e9sentation, avant et\/ou apr\u00e8s selon les publics, nous proposons d\u2019animer des <b>moments d\u2019\u00e9changes organis\u00e9s<\/b> ( les artistes de la compagnie sont form\u00e9s \u00e0 l\u2019accompagnement, \u00e0 mener des groupes de paroles et des cercles de discussion philosophiques aupr\u00e8s des jeunes ) autour des th\u00e9matiques abord\u00e9es\u00a0: les \u00e9clairages peuvent \u00eatre <b>soci\u00e9taux et actuels<\/b> (les diff\u00e9rentes formes de violences, l\u2019emprise, la domination masculine, la confiance en soi \u2026), <b>philosophiques<\/b>, <b>culturels<\/b> (comment les r\u00e9cits d\u2019hier et d\u2019aujourd\u2019hui traitent de ces probl\u00e9matiques des mythologies au mangas, comment l\u2019art peut nous aider dans nos vies&#8230;)<\/span><\/span><\/p><p align=\"LEFT\"><span style=\"color: #000000;\"><span style=\"font-family: Courier 10 Pitch;\">Dans le cadre d\u2019un projet plus long de<b> m\u00e9diation artistique<\/b>, nous proposons de nous pencher sur <b>\u00ab\u00a0nos monstres\u00a0\u00bb<\/b> de <b>fa\u00e7on artistique et cr\u00e9ative<\/b> (ceux qui nous font peurs , qui nous habitent, qui nous fascinent\u2026)\u00a0: cr\u00e9ation de masques, r\u00e9cits gestuels ou \u00e9crits, mise en sc\u00e8ne\u2026 <\/span><\/span><\/p><\/div>\n\t\t\t\t<\/div>\n\t\t\t\t<\/div>\n\t\t\t\t\t<\/div>\n\t\t<\/div>\n\t\t\t\t<div class=\"elementor-column elementor-col-50 elementor-top-column elementor-element elementor-element-9e79bb4\" data-id=\"9e79bb4\" data-element_type=\"column\">\n\t\t\t<div class=\"elementor-widget-wrap elementor-element-populated\">\n\t\t\t\t\t\t\t\t<div class=\"elementor-element elementor-element-fece30d elementor-widget elementor-widget-image\" data-id=\"fece30d\" data-element_type=\"widget\" data-widget_type=\"image.default\">\n\t\t\t\t<div class=\"elementor-widget-container\">\n\t\t\t\t\t<div class=\"elementor-image\">\n\t\t\t\t\t\t\t\t\t\t<img width=\"768\" height=\"1024\" src=\"http:\/\/compagnielesjournaliers.fr\/wp-content\/uploads\/2023\/08\/P4060053-768x1024.jpg\" class=\"attachment-large size-large\" alt=\"\" loading=\"lazy\" srcset=\"http:\/\/compagnielesjournaliers.fr\/wp-content\/uploads\/2023\/08\/P4060053-768x1024.jpg 768w, http:\/\/compagnielesjournaliers.fr\/wp-content\/uploads\/2023\/08\/P4060053-225x300.jpg 225w, http:\/\/compagnielesjournaliers.fr\/wp-content\/uploads\/2023\/08\/P4060053-1152x1536.jpg 1152w, http:\/\/compagnielesjournaliers.fr\/wp-content\/uploads\/2023\/08\/P4060053-1536x2048.jpg 1536w, http:\/\/compagnielesjournaliers.fr\/wp-content\/uploads\/2023\/08\/P4060053-scaled.jpg 1920w\" sizes=\"(max-width: 768px) 100vw, 768px\" \/>\t\t\t\t\t\t\t\t\t\t\t<\/div>\n\t\t\t\t<\/div>\n\t\t\t\t<\/div>\n\t\t\t\t\t<\/div>\n\t\t<\/div>\n\t\t\t\t\t\t\t<\/div>\n\t\t<\/section>\n\t\t\t\t\t\t<\/div>\n\t\t\t\t\t<\/div>\n\t\t","protected":false},"excerpt":{"rendered":"<p>Les Larmes du Monstre Photo Samantha Zaccarie &nbsp;&nbsp;&nbsp; &nbsp; R\u00e9cit initiatique dans\u00e9, cont\u00e9 et masqu\u00e9&nbsp;&nbsp;&nbsp;&nbsp;&nbsp;&nbsp;&nbsp;&nbsp;&nbsp;&nbsp;&nbsp;&nbsp;&nbsp; pour adultes et adolescents &nbsp; \u00abQue faire de toi, Monstre ?&nbsp; Te perdre au fond d\u2019un labyrinthe ?&nbsp; Te fuir, te combattre ? Te regarder en face ?&nbsp; Que montres tu, Monstre ?&nbsp; Qu\u2019as tu perdu ?&nbsp; Qu\u2019as tu fui, [&hellip;]<\/p>\n","protected":false},"author":1,"featured_media":0,"parent":0,"menu_order":0,"comment_status":"closed","ping_status":"closed","template":"full-width.php","meta":[],"_links":{"self":[{"href":"http:\/\/compagnielesjournaliers.fr\/index.php?rest_route=\/wp\/v2\/pages\/494"}],"collection":[{"href":"http:\/\/compagnielesjournaliers.fr\/index.php?rest_route=\/wp\/v2\/pages"}],"about":[{"href":"http:\/\/compagnielesjournaliers.fr\/index.php?rest_route=\/wp\/v2\/types\/page"}],"author":[{"embeddable":true,"href":"http:\/\/compagnielesjournaliers.fr\/index.php?rest_route=\/wp\/v2\/users\/1"}],"replies":[{"embeddable":true,"href":"http:\/\/compagnielesjournaliers.fr\/index.php?rest_route=%2Fwp%2Fv2%2Fcomments&post=494"}],"version-history":[{"count":255,"href":"http:\/\/compagnielesjournaliers.fr\/index.php?rest_route=\/wp\/v2\/pages\/494\/revisions"}],"predecessor-version":[{"id":2831,"href":"http:\/\/compagnielesjournaliers.fr\/index.php?rest_route=\/wp\/v2\/pages\/494\/revisions\/2831"}],"wp:attachment":[{"href":"http:\/\/compagnielesjournaliers.fr\/index.php?rest_route=%2Fwp%2Fv2%2Fmedia&parent=494"}],"curies":[{"name":"wp","href":"https:\/\/api.w.org\/{rel}","templated":true}]}}