{"id":484,"date":"2021-05-06T10:12:41","date_gmt":"2021-05-06T08:12:41","guid":{"rendered":"http:\/\/compagnielesjournaliers.fr\/?page_id=484"},"modified":"2022-01-20T18:26:49","modified_gmt":"2022-01-20T17:26:49","slug":"a","status":"publish","type":"page","link":"http:\/\/compagnielesjournaliers.fr\/?page_id=484","title":{"rendered":"Les Poissons Pierre"},"content":{"rendered":"\t\t<div data-elementor-type=\"wp-page\" data-elementor-id=\"484\" class=\"elementor elementor-484\" data-elementor-settings=\"[]\">\n\t\t\t\t\t\t\t<div class=\"elementor-section-wrap\">\n\t\t\t\t\t\t\t<section class=\"elementor-section elementor-top-section elementor-element elementor-element-3a7526ad elementor-section-boxed elementor-section-height-default elementor-section-height-default\" data-id=\"3a7526ad\" data-element_type=\"section\">\n\t\t\t\t\t\t<div class=\"elementor-container elementor-column-gap-default\">\n\t\t\t\t\t<div class=\"elementor-column elementor-col-33 elementor-top-column elementor-element elementor-element-aec5cca\" data-id=\"aec5cca\" data-element_type=\"column\">\n\t\t\t<div class=\"elementor-widget-wrap elementor-element-populated\">\n\t\t\t\t\t\t\t\t<div class=\"elementor-element elementor-element-18059f4 elementor-widget elementor-widget-heading\" data-id=\"18059f4\" data-element_type=\"widget\" data-widget_type=\"heading.default\">\n\t\t\t\t<div class=\"elementor-widget-container\">\n\t\t\t<h2 class=\"elementor-heading-title elementor-size-default\">Les Poissons Pierre<\/h2>\t\t<\/div>\n\t\t\t\t<\/div>\n\t\t\t\t\t<\/div>\n\t\t<\/div>\n\t\t\t\t<div class=\"elementor-column elementor-col-33 elementor-top-column elementor-element elementor-element-e0f1549\" data-id=\"e0f1549\" data-element_type=\"column\">\n\t\t\t<div class=\"elementor-widget-wrap\">\n\t\t\t\t\t\t\t\t\t<\/div>\n\t\t<\/div>\n\t\t\t\t<div class=\"elementor-column elementor-col-33 elementor-top-column elementor-element elementor-element-7ab4b9fb\" data-id=\"7ab4b9fb\" data-element_type=\"column\">\n\t\t\t<div class=\"elementor-widget-wrap\">\n\t\t\t\t\t\t\t\t\t<\/div>\n\t\t<\/div>\n\t\t\t\t\t\t\t<\/div>\n\t\t<\/section>\n\t\t\t\t<section class=\"elementor-section elementor-top-section elementor-element elementor-element-b432c84 elementor-section-boxed elementor-section-height-default elementor-section-height-default\" data-id=\"b432c84\" data-element_type=\"section\">\n\t\t\t\t\t\t<div class=\"elementor-container elementor-column-gap-default\">\n\t\t\t\t\t\t\t\t<\/div>\n\t\t<\/section>\n\t\t\t\t<section class=\"elementor-section elementor-top-section elementor-element elementor-element-bfbec3c elementor-section-boxed elementor-section-height-default elementor-section-height-default\" data-id=\"bfbec3c\" data-element_type=\"section\">\n\t\t\t\t\t\t<div class=\"elementor-container elementor-column-gap-default\">\n\t\t\t\t\t<div class=\"elementor-column elementor-col-100 elementor-top-column elementor-element elementor-element-3912642\" data-id=\"3912642\" data-element_type=\"column\">\n\t\t\t<div class=\"elementor-widget-wrap elementor-element-populated\">\n\t\t\t\t\t\t\t\t<div class=\"elementor-element elementor-element-18f7cd0 elementor-widget elementor-widget-image\" data-id=\"18f7cd0\" data-element_type=\"widget\" data-widget_type=\"image.default\">\n\t\t\t\t<div class=\"elementor-widget-container\">\n\t\t\t\t\t<div class=\"elementor-image\">\n\t\t\t\t\t\t\t\t\t\t<img width=\"980\" height=\"735\" src=\"http:\/\/compagnielesjournaliers.fr\/wp-content\/uploads\/2021\/12\/DSC02643-1024x768.jpg\" class=\"attachment-large size-large\" alt=\"\" loading=\"lazy\" srcset=\"http:\/\/compagnielesjournaliers.fr\/wp-content\/uploads\/2021\/12\/DSC02643-1024x768.jpg 1024w, http:\/\/compagnielesjournaliers.fr\/wp-content\/uploads\/2021\/12\/DSC02643-300x225.jpg 300w, http:\/\/compagnielesjournaliers.fr\/wp-content\/uploads\/2021\/12\/DSC02643-768x576.jpg 768w, http:\/\/compagnielesjournaliers.fr\/wp-content\/uploads\/2021\/12\/DSC02643-1536x1152.jpg 1536w, http:\/\/compagnielesjournaliers.fr\/wp-content\/uploads\/2021\/12\/DSC02643-2048x1536.jpg 2048w\" sizes=\"(max-width: 980px) 100vw, 980px\" \/>\t\t\t\t\t\t\t\t\t\t\t<\/div>\n\t\t\t\t<\/div>\n\t\t\t\t<\/div>\n\t\t\t\t\t<\/div>\n\t\t<\/div>\n\t\t\t\t\t\t\t<\/div>\n\t\t<\/section>\n\t\t\t\t<section class=\"elementor-section elementor-top-section elementor-element elementor-element-e5f45da elementor-section-boxed elementor-section-height-default elementor-section-height-default\" data-id=\"e5f45da\" data-element_type=\"section\">\n\t\t\t\t\t\t<div class=\"elementor-container elementor-column-gap-default\">\n\t\t\t\t\t<div class=\"elementor-column elementor-col-33 elementor-top-column elementor-element elementor-element-5756794\" data-id=\"5756794\" data-element_type=\"column\">\n\t\t\t<div class=\"elementor-widget-wrap\">\n\t\t\t\t\t\t\t\t\t<\/div>\n\t\t<\/div>\n\t\t\t\t<div class=\"elementor-column elementor-col-33 elementor-top-column elementor-element elementor-element-fef9947\" data-id=\"fef9947\" data-element_type=\"column\">\n\t\t\t<div class=\"elementor-widget-wrap\">\n\t\t\t\t\t\t\t\t\t<\/div>\n\t\t<\/div>\n\t\t\t\t<div class=\"elementor-column elementor-col-33 elementor-top-column elementor-element elementor-element-016ee56\" data-id=\"016ee56\" data-element_type=\"column\">\n\t\t\t<div class=\"elementor-widget-wrap\">\n\t\t\t\t\t\t\t\t\t<\/div>\n\t\t<\/div>\n\t\t\t\t\t\t\t<\/div>\n\t\t<\/section>\n\t\t\t\t<section class=\"elementor-section elementor-top-section elementor-element elementor-element-962cd3a elementor-section-boxed elementor-section-height-default elementor-section-height-default\" data-id=\"962cd3a\" data-element_type=\"section\">\n\t\t\t\t\t\t<div class=\"elementor-container elementor-column-gap-default\">\n\t\t\t\t\t<div class=\"elementor-column elementor-col-100 elementor-top-column elementor-element elementor-element-adb90e6\" data-id=\"adb90e6\" data-element_type=\"column\">\n\t\t\t<div class=\"elementor-widget-wrap elementor-element-populated\">\n\t\t\t\t\t\t\t\t<div class=\"elementor-element elementor-element-a754ae0 elementor-widget elementor-widget-text-editor\" data-id=\"a754ae0\" data-element_type=\"widget\" data-widget_type=\"text-editor.default\">\n\t\t\t\t<div class=\"elementor-widget-container\">\n\t\t\t\t\t<div class=\"elementor-text-editor elementor-clearfix\"><p><span style=\"font-size: 12pt;\">\u00ab Inspir\u00e9s de l&rsquo;Art Roman, taill\u00e9s dans la pierre calcaire, sculpt\u00e9s par les vagues sal\u00e9es et les vents marins, les Poissons Pierre s&rsquo;animent et racontent<\/span><br \/><span style=\"font-size: 12pt;\">le temps min\u00e9ral&#8230; \u00bb<\/span><\/p><p><span style=\"font-size: 12pt;\">Duo de th\u00e9\u00e2tre gestuel masqu\u00e9 tout terrain, dans\u00e9 en r\u00e9sonance avec les paysages: marais salants, \u00e9glises romanes, marais, littoral&#8230;<\/span><br \/><span style=\"font-size: 12pt;\">\u00ab Cela tient de l&rsquo;imaginaire de science fiction, de la sculpture Romane<\/span><br \/><span style=\"font-size: 12pt;\">et de la danse Butoh \u00bb (Sud-Ouest)<\/span><br \/><span style=\"font-size: 12pt;\">Performance jou\u00e9e pour le Patrimoine, des mus\u00e9es, des festivals, des \u00e9v\u00e8nements, des symposiums de<\/span><br \/><span style=\"font-size: 12pt;\">sculpture, des f\u00eates m\u00e9di\u00e9vales, des f\u00eates de la mer &#8230; e<\/span><span style=\"font-size: 12pt;\">n France, en Espagne, au Maroc, en Belgique, en Lettonie, au Danemark&#8230;<\/span><br \/><span style=\"font-size: 14pt;\"><br \/><\/span><\/p><\/div>\n\t\t\t\t<\/div>\n\t\t\t\t<\/div>\n\t\t\t\t\t<\/div>\n\t\t<\/div>\n\t\t\t\t\t\t\t<\/div>\n\t\t<\/section>\n\t\t\t\t<section class=\"elementor-section elementor-top-section elementor-element elementor-element-e8a12da elementor-section-boxed elementor-section-height-default elementor-section-height-default\" data-id=\"e8a12da\" data-element_type=\"section\">\n\t\t\t\t\t\t<div class=\"elementor-container elementor-column-gap-default\">\n\t\t\t\t\t<div class=\"elementor-column elementor-col-25 elementor-top-column elementor-element elementor-element-f0f4892\" data-id=\"f0f4892\" data-element_type=\"column\">\n\t\t\t<div class=\"elementor-widget-wrap elementor-element-populated\">\n\t\t\t\t\t\t\t\t<div class=\"elementor-element elementor-element-e2649dc elementor-widget elementor-widget-image\" data-id=\"e2649dc\" data-element_type=\"widget\" data-widget_type=\"image.default\">\n\t\t\t\t<div class=\"elementor-widget-container\">\n\t\t\t\t\t<div class=\"elementor-image\">\n\t\t\t\t\t\t\t\t\t\t<img width=\"980\" height=\"653\" src=\"http:\/\/compagnielesjournaliers.fr\/wp-content\/uploads\/2021\/05\/poissonspierre-Cie-les-Journaliers-photo-Michel-Thomas-1024x682.jpg\" class=\"attachment-large size-large\" alt=\"\" loading=\"lazy\" srcset=\"http:\/\/compagnielesjournaliers.fr\/wp-content\/uploads\/2021\/05\/poissonspierre-Cie-les-Journaliers-photo-Michel-Thomas-1024x682.jpg 1024w, http:\/\/compagnielesjournaliers.fr\/wp-content\/uploads\/2021\/05\/poissonspierre-Cie-les-Journaliers-photo-Michel-Thomas-300x200.jpg 300w, http:\/\/compagnielesjournaliers.fr\/wp-content\/uploads\/2021\/05\/poissonspierre-Cie-les-Journaliers-photo-Michel-Thomas-768x511.jpg 768w, http:\/\/compagnielesjournaliers.fr\/wp-content\/uploads\/2021\/05\/poissonspierre-Cie-les-Journaliers-photo-Michel-Thomas.jpg 1208w\" sizes=\"(max-width: 980px) 100vw, 980px\" \/>\t\t\t\t\t\t\t\t\t\t\t<\/div>\n\t\t\t\t<\/div>\n\t\t\t\t<\/div>\n\t\t\t\t\t<\/div>\n\t\t<\/div>\n\t\t\t\t<div class=\"elementor-column elementor-col-25 elementor-top-column elementor-element elementor-element-3484d9d\" data-id=\"3484d9d\" data-element_type=\"column\">\n\t\t\t<div class=\"elementor-widget-wrap elementor-element-populated\">\n\t\t\t\t\t\t\t\t<div class=\"elementor-element elementor-element-bfe2944 elementor-widget elementor-widget-image\" data-id=\"bfe2944\" data-element_type=\"widget\" data-widget_type=\"image.default\">\n\t\t\t\t<div class=\"elementor-widget-container\">\n\t\t\t\t\t<div class=\"elementor-image\">\n\t\t\t\t\t\t\t\t\t\t<img width=\"800\" height=\"534\" src=\"http:\/\/compagnielesjournaliers.fr\/wp-content\/uploads\/2021\/12\/Charleville-2009-Ph-Michel-Renaud-5.jpg\" class=\"attachment-large size-large\" alt=\"\" loading=\"lazy\" srcset=\"http:\/\/compagnielesjournaliers.fr\/wp-content\/uploads\/2021\/12\/Charleville-2009-Ph-Michel-Renaud-5.jpg 800w, http:\/\/compagnielesjournaliers.fr\/wp-content\/uploads\/2021\/12\/Charleville-2009-Ph-Michel-Renaud-5-300x200.jpg 300w, http:\/\/compagnielesjournaliers.fr\/wp-content\/uploads\/2021\/12\/Charleville-2009-Ph-Michel-Renaud-5-768x513.jpg 768w\" sizes=\"(max-width: 800px) 100vw, 800px\" \/>\t\t\t\t\t\t\t\t\t\t\t<\/div>\n\t\t\t\t<\/div>\n\t\t\t\t<\/div>\n\t\t\t\t\t<\/div>\n\t\t<\/div>\n\t\t\t\t<div class=\"elementor-column elementor-col-25 elementor-top-column elementor-element elementor-element-9640855\" data-id=\"9640855\" data-element_type=\"column\">\n\t\t\t<div class=\"elementor-widget-wrap elementor-element-populated\">\n\t\t\t\t\t\t\t\t<div class=\"elementor-element elementor-element-ec506d6 elementor-widget elementor-widget-image\" data-id=\"ec506d6\" data-element_type=\"widget\" data-widget_type=\"image.default\">\n\t\t\t\t<div class=\"elementor-widget-container\">\n\t\t\t\t\t<div class=\"elementor-image\">\n\t\t\t\t\t\t\t\t\t\t<img width=\"980\" height=\"658\" src=\"http:\/\/compagnielesjournaliers.fr\/wp-content\/uploads\/2021\/06\/bisou-poissonspierre-Cie-les-Journaliers-1024x688.jpg\" class=\"attachment-large size-large\" alt=\"\" loading=\"lazy\" srcset=\"http:\/\/compagnielesjournaliers.fr\/wp-content\/uploads\/2021\/06\/bisou-poissonspierre-Cie-les-Journaliers-1024x688.jpg 1024w, http:\/\/compagnielesjournaliers.fr\/wp-content\/uploads\/2021\/06\/bisou-poissonspierre-Cie-les-Journaliers-300x202.jpg 300w, http:\/\/compagnielesjournaliers.fr\/wp-content\/uploads\/2021\/06\/bisou-poissonspierre-Cie-les-Journaliers-768x516.jpg 768w, http:\/\/compagnielesjournaliers.fr\/wp-content\/uploads\/2021\/06\/bisou-poissonspierre-Cie-les-Journaliers.jpg 1182w\" sizes=\"(max-width: 980px) 100vw, 980px\" \/>\t\t\t\t\t\t\t\t\t\t\t<\/div>\n\t\t\t\t<\/div>\n\t\t\t\t<\/div>\n\t\t\t\t\t<\/div>\n\t\t<\/div>\n\t\t\t\t<div class=\"elementor-column elementor-col-25 elementor-top-column elementor-element elementor-element-3ed4005\" data-id=\"3ed4005\" data-element_type=\"column\">\n\t\t\t<div class=\"elementor-widget-wrap elementor-element-populated\">\n\t\t\t\t\t\t\t\t<div class=\"elementor-element elementor-element-d1a065b elementor-widget elementor-widget-image\" data-id=\"d1a065b\" data-element_type=\"widget\" data-widget_type=\"image.default\">\n\t\t\t\t<div class=\"elementor-widget-container\">\n\t\t\t\t\t<div class=\"elementor-image\">\n\t\t\t\t\t\t\t\t\t\t<img width=\"712\" height=\"497\" src=\"http:\/\/compagnielesjournaliers.fr\/wp-content\/uploads\/2021\/12\/2007-Pole-des-metiers-dart-Niort-1024x715-5.jpg\" class=\"attachment-large size-large\" alt=\"\" loading=\"lazy\" srcset=\"http:\/\/compagnielesjournaliers.fr\/wp-content\/uploads\/2021\/12\/2007-Pole-des-metiers-dart-Niort-1024x715-5.jpg 712w, http:\/\/compagnielesjournaliers.fr\/wp-content\/uploads\/2021\/12\/2007-Pole-des-metiers-dart-Niort-1024x715-5-300x209.jpg 300w\" sizes=\"(max-width: 712px) 100vw, 712px\" \/>\t\t\t\t\t\t\t\t\t\t\t<\/div>\n\t\t\t\t<\/div>\n\t\t\t\t<\/div>\n\t\t\t\t\t<\/div>\n\t\t<\/div>\n\t\t\t\t\t\t\t<\/div>\n\t\t<\/section>\n\t\t\t\t<section class=\"elementor-section elementor-top-section elementor-element elementor-element-6e1ac3a elementor-section-boxed elementor-section-height-default elementor-section-height-default\" data-id=\"6e1ac3a\" data-element_type=\"section\">\n\t\t\t\t\t\t<div class=\"elementor-container elementor-column-gap-default\">\n\t\t\t\t\t<div class=\"elementor-column elementor-col-33 elementor-top-column elementor-element elementor-element-03fb73e\" data-id=\"03fb73e\" data-element_type=\"column\">\n\t\t\t<div class=\"elementor-widget-wrap\">\n\t\t\t\t\t\t\t\t\t<\/div>\n\t\t<\/div>\n\t\t\t\t<div class=\"elementor-column elementor-col-33 elementor-top-column elementor-element elementor-element-cc44949\" data-id=\"cc44949\" data-element_type=\"column\">\n\t\t\t<div class=\"elementor-widget-wrap\">\n\t\t\t\t\t\t\t\t\t<\/div>\n\t\t<\/div>\n\t\t\t\t<div class=\"elementor-column elementor-col-33 elementor-top-column elementor-element elementor-element-3bbb247\" data-id=\"3bbb247\" data-element_type=\"column\">\n\t\t\t<div class=\"elementor-widget-wrap\">\n\t\t\t\t\t\t\t\t\t<\/div>\n\t\t<\/div>\n\t\t\t\t\t\t\t<\/div>\n\t\t<\/section>\n\t\t\t\t\t\t<\/div>\n\t\t\t\t\t<\/div>\n\t\t","protected":false},"excerpt":{"rendered":"<p>Les Poissons Pierre \u00ab Inspir\u00e9s de l&rsquo;Art Roman, taill\u00e9s dans la pierre calcaire, sculpt\u00e9s par les vagues sal\u00e9es et les vents marins, les Poissons Pierre s&rsquo;animent et racontentle temps min\u00e9ral&#8230; \u00bb Duo de th\u00e9\u00e2tre gestuel masqu\u00e9 tout terrain, dans\u00e9 en r\u00e9sonance avec les paysages: marais salants, \u00e9glises romanes, marais, littoral&#8230;\u00ab Cela tient de l&rsquo;imaginaire de [&hellip;]<\/p>\n","protected":false},"author":1,"featured_media":0,"parent":0,"menu_order":0,"comment_status":"closed","ping_status":"closed","template":"full-width.php","meta":[],"_links":{"self":[{"href":"http:\/\/compagnielesjournaliers.fr\/index.php?rest_route=\/wp\/v2\/pages\/484"}],"collection":[{"href":"http:\/\/compagnielesjournaliers.fr\/index.php?rest_route=\/wp\/v2\/pages"}],"about":[{"href":"http:\/\/compagnielesjournaliers.fr\/index.php?rest_route=\/wp\/v2\/types\/page"}],"author":[{"embeddable":true,"href":"http:\/\/compagnielesjournaliers.fr\/index.php?rest_route=\/wp\/v2\/users\/1"}],"replies":[{"embeddable":true,"href":"http:\/\/compagnielesjournaliers.fr\/index.php?rest_route=%2Fwp%2Fv2%2Fcomments&post=484"}],"version-history":[{"count":156,"href":"http:\/\/compagnielesjournaliers.fr\/index.php?rest_route=\/wp\/v2\/pages\/484\/revisions"}],"predecessor-version":[{"id":2342,"href":"http:\/\/compagnielesjournaliers.fr\/index.php?rest_route=\/wp\/v2\/pages\/484\/revisions\/2342"}],"wp:attachment":[{"href":"http:\/\/compagnielesjournaliers.fr\/index.php?rest_route=%2Fwp%2Fv2%2Fmedia&parent=484"}],"curies":[{"name":"wp","href":"https:\/\/api.w.org\/{rel}","templated":true}]}}