{"id":370,"date":"2021-04-21T19:33:32","date_gmt":"2021-04-21T17:33:32","guid":{"rendered":"http:\/\/compagnielesjournaliers.fr\/?page_id=370"},"modified":"2022-01-20T16:55:23","modified_gmt":"2022-01-20T15:55:23","slug":"page-1","status":"publish","type":"page","link":"http:\/\/compagnielesjournaliers.fr\/?page_id=370","title":{"rendered":"Stage cr\u00e9ation de masque"},"content":{"rendered":"\t\t<div data-elementor-type=\"wp-page\" data-elementor-id=\"370\" class=\"elementor elementor-370\" data-elementor-settings=\"[]\">\n\t\t\t\t\t\t\t<div class=\"elementor-section-wrap\">\n\t\t\t\t\t\t\t<section class=\"elementor-section elementor-top-section elementor-element elementor-element-ceac04d elementor-section-boxed elementor-section-height-default elementor-section-height-default\" data-id=\"ceac04d\" data-element_type=\"section\">\n\t\t\t\t\t\t<div class=\"elementor-container elementor-column-gap-default\">\n\t\t\t\t\t<div class=\"elementor-column elementor-col-100 elementor-top-column elementor-element elementor-element-0d6fe1e\" data-id=\"0d6fe1e\" data-element_type=\"column\">\n\t\t\t<div class=\"elementor-widget-wrap elementor-element-populated\">\n\t\t\t\t\t\t\t\t<div class=\"elementor-element elementor-element-1418f60 elementor-widget elementor-widget-text-editor\" data-id=\"1418f60\" data-element_type=\"widget\" data-widget_type=\"text-editor.default\">\n\t\t\t\t<div class=\"elementor-widget-container\">\n\t\t\t\t\t<div class=\"elementor-text-editor elementor-clearfix\"><p><span style=\"font-size: 24pt;\">Stage Cr\u00e9ation de Masque<\/span><\/p><\/div>\n\t\t\t\t<\/div>\n\t\t\t\t<\/div>\n\t\t\t\t\t<\/div>\n\t\t<\/div>\n\t\t\t\t\t\t\t<\/div>\n\t\t<\/section>\n\t\t\t\t<section class=\"elementor-section elementor-top-section elementor-element elementor-element-b262aed elementor-section-boxed elementor-section-height-default elementor-section-height-default\" data-id=\"b262aed\" data-element_type=\"section\">\n\t\t\t\t\t\t<div class=\"elementor-container elementor-column-gap-default\">\n\t\t\t\t\t<div class=\"elementor-column elementor-col-100 elementor-top-column elementor-element elementor-element-e5899d7\" data-id=\"e5899d7\" data-element_type=\"column\">\n\t\t\t<div class=\"elementor-widget-wrap elementor-element-populated\">\n\t\t\t\t\t\t\t\t<div class=\"elementor-element elementor-element-6961ec5 elementor-widget elementor-widget-image\" data-id=\"6961ec5\" data-element_type=\"widget\" data-widget_type=\"image.default\">\n\t\t\t\t<div class=\"elementor-widget-container\">\n\t\t\t\t\t<div class=\"elementor-image\">\n\t\t\t\t\t\t\t<figure class=\"wp-caption\">\n\t\t\t\t\t\t\t\t\t\t<img width=\"811\" height=\"608\" src=\"http:\/\/compagnielesjournaliers.fr\/wp-content\/uploads\/2022\/01\/M3.jpg\" class=\"attachment-large size-large\" alt=\"\" loading=\"lazy\" srcset=\"http:\/\/compagnielesjournaliers.fr\/wp-content\/uploads\/2022\/01\/M3.jpg 811w, http:\/\/compagnielesjournaliers.fr\/wp-content\/uploads\/2022\/01\/M3-300x225.jpg 300w, http:\/\/compagnielesjournaliers.fr\/wp-content\/uploads\/2022\/01\/M3-768x576.jpg 768w\" sizes=\"(max-width: 811px) 100vw, 811px\" \/>\t\t\t\t\t\t\t\t\t\t\t<figcaption class=\"widget-image-caption wp-caption-text\"><\/figcaption>\n\t\t\t\t\t\t\t\t\t\t<\/figure>\n\t\t\t\t\t<\/div>\n\t\t\t\t<\/div>\n\t\t\t\t<\/div>\n\t\t\t\t\t<\/div>\n\t\t<\/div>\n\t\t\t\t\t\t\t<\/div>\n\t\t<\/section>\n\t\t\t\t<section class=\"elementor-section elementor-top-section elementor-element elementor-element-c9be86e elementor-section-boxed elementor-section-height-default elementor-section-height-default\" data-id=\"c9be86e\" data-element_type=\"section\">\n\t\t\t\t\t\t<div class=\"elementor-container elementor-column-gap-default\">\n\t\t\t\t\t<div class=\"elementor-column elementor-col-33 elementor-top-column elementor-element elementor-element-2aec850\" data-id=\"2aec850\" data-element_type=\"column\">\n\t\t\t<div class=\"elementor-widget-wrap\">\n\t\t\t\t\t\t\t\t\t<\/div>\n\t\t<\/div>\n\t\t\t\t<div class=\"elementor-column elementor-col-33 elementor-top-column elementor-element elementor-element-d1a62a4\" data-id=\"d1a62a4\" data-element_type=\"column\">\n\t\t\t<div class=\"elementor-widget-wrap\">\n\t\t\t\t\t\t\t\t\t<\/div>\n\t\t<\/div>\n\t\t\t\t<div class=\"elementor-column elementor-col-33 elementor-top-column elementor-element elementor-element-27ecb52\" data-id=\"27ecb52\" data-element_type=\"column\">\n\t\t\t<div class=\"elementor-widget-wrap\">\n\t\t\t\t\t\t\t\t\t<\/div>\n\t\t<\/div>\n\t\t\t\t\t\t\t<\/div>\n\t\t<\/section>\n\t\t\t\t<section class=\"elementor-section elementor-top-section elementor-element elementor-element-792b41b elementor-section-boxed elementor-section-height-default elementor-section-height-default\" data-id=\"792b41b\" data-element_type=\"section\">\n\t\t\t\t\t\t<div class=\"elementor-container elementor-column-gap-default\">\n\t\t\t\t\t<div class=\"elementor-column elementor-col-100 elementor-top-column elementor-element elementor-element-613de39\" data-id=\"613de39\" data-element_type=\"column\">\n\t\t\t<div class=\"elementor-widget-wrap elementor-element-populated\">\n\t\t\t\t\t\t\t\t<div class=\"elementor-element elementor-element-ca3c30a elementor-widget elementor-widget-text-editor\" data-id=\"ca3c30a\" data-element_type=\"widget\" data-widget_type=\"text-editor.default\">\n\t\t\t\t<div class=\"elementor-widget-container\">\n\t\t\t\t\t<div class=\"elementor-text-editor elementor-clearfix\"><p style=\"margin-bottom: 0cm;\"><span style=\"color: #7a7a7a;\">Le masque est un des fondements du Th\u00e9\u00e2tre, une forme de repr\u00e9sentation&nbsp;, un objet de transformation. Il est pr\u00e9sent dans le monde entier depuis la nuit des temps.<\/span><\/p>\n<p style=\"margin-bottom: 0cm;\"><span style=\"color: #7a7a7a;\">C&rsquo;est un formidable m\u00e9dium pour donner visage et corps \u00e0 l&rsquo;invisible agissant, au plus grand que soi et un puissant v\u00e9hicule pour voyager dans les mondes du dessous et du dessus \u00e0 la rencontre des arch\u00e9types.<\/span><\/p>\n<p style=\"margin-bottom: 0cm;\"><span style=\"color: #7a7a7a;\">Fabriquer un masque est un merveilleux moment de cr\u00e9ation et de rencontre profonde avec soi m\u00eame.<\/span><\/p>\n<p style=\"margin-bottom: 0cm; text-decoration: none;\"><span style=\"color: #7a7a7a;\"><span style=\"font-size: medium;\">\u00ab&nbsp;Chausser&nbsp;\u00bb&nbsp; le masque, lui donner vie ou plut\u00f4t se laisser danser par lui, donner voix aux facettes myst\u00e9rieuses, magiques, sombres, lumineuses et inconnues de nos \u00catres. <\/span><\/span><\/p><\/div>\n\t\t\t\t<\/div>\n\t\t\t\t<\/div>\n\t\t\t\t\t<\/div>\n\t\t<\/div>\n\t\t\t\t\t\t\t<\/div>\n\t\t<\/section>\n\t\t\t\t<section class=\"elementor-section elementor-top-section elementor-element elementor-element-51c2ca6 elementor-section-boxed elementor-section-height-default elementor-section-height-default\" data-id=\"51c2ca6\" data-element_type=\"section\">\n\t\t\t\t\t\t<div class=\"elementor-container elementor-column-gap-default\">\n\t\t\t\t\t<div class=\"elementor-column elementor-col-100 elementor-top-column elementor-element elementor-element-c6405a1\" data-id=\"c6405a1\" data-element_type=\"column\">\n\t\t\t<div class=\"elementor-widget-wrap\">\n\t\t\t\t\t\t\t\t\t<\/div>\n\t\t<\/div>\n\t\t\t\t\t\t\t<\/div>\n\t\t<\/section>\n\t\t\t\t<section class=\"elementor-section elementor-top-section elementor-element elementor-element-749a1cf elementor-section-boxed elementor-section-height-default elementor-section-height-default\" data-id=\"749a1cf\" data-element_type=\"section\">\n\t\t\t\t\t\t<div class=\"elementor-container elementor-column-gap-default\">\n\t\t\t\t\t<div class=\"elementor-column elementor-col-33 elementor-top-column elementor-element elementor-element-1c81256\" data-id=\"1c81256\" data-element_type=\"column\">\n\t\t\t<div class=\"elementor-widget-wrap\">\n\t\t\t\t\t\t\t\t\t<\/div>\n\t\t<\/div>\n\t\t\t\t<div class=\"elementor-column elementor-col-33 elementor-top-column elementor-element elementor-element-2daa275\" data-id=\"2daa275\" data-element_type=\"column\">\n\t\t\t<div class=\"elementor-widget-wrap\">\n\t\t\t\t\t\t\t\t\t<\/div>\n\t\t<\/div>\n\t\t\t\t<div class=\"elementor-column elementor-col-33 elementor-top-column elementor-element elementor-element-bb5ad71\" data-id=\"bb5ad71\" data-element_type=\"column\">\n\t\t\t<div class=\"elementor-widget-wrap\">\n\t\t\t\t\t\t\t\t\t<\/div>\n\t\t<\/div>\n\t\t\t\t\t\t\t<\/div>\n\t\t<\/section>\n\t\t\t\t<section class=\"elementor-section elementor-top-section elementor-element elementor-element-03a34aa elementor-section-boxed elementor-section-height-default elementor-section-height-default\" data-id=\"03a34aa\" data-element_type=\"section\">\n\t\t\t\t\t\t<div class=\"elementor-container elementor-column-gap-default\">\n\t\t\t\t\t<div class=\"elementor-column elementor-col-25 elementor-top-column elementor-element elementor-element-a91553c\" data-id=\"a91553c\" data-element_type=\"column\">\n\t\t\t<div class=\"elementor-widget-wrap elementor-element-populated\">\n\t\t\t\t\t\t\t\t<div class=\"elementor-element elementor-element-87b9875 elementor-widget elementor-widget-image\" data-id=\"87b9875\" data-element_type=\"widget\" data-widget_type=\"image.default\">\n\t\t\t\t<div class=\"elementor-widget-container\">\n\t\t\t\t\t<div class=\"elementor-image\">\n\t\t\t\t\t\t\t\t\t\t<img width=\"811\" height=\"608\" src=\"http:\/\/compagnielesjournaliers.fr\/wp-content\/uploads\/2022\/01\/M1.jpg\" class=\"attachment-large size-large\" alt=\"\" loading=\"lazy\" srcset=\"http:\/\/compagnielesjournaliers.fr\/wp-content\/uploads\/2022\/01\/M1.jpg 811w, http:\/\/compagnielesjournaliers.fr\/wp-content\/uploads\/2022\/01\/M1-300x225.jpg 300w, http:\/\/compagnielesjournaliers.fr\/wp-content\/uploads\/2022\/01\/M1-768x576.jpg 768w\" sizes=\"(max-width: 811px) 100vw, 811px\" \/>\t\t\t\t\t\t\t\t\t\t\t<\/div>\n\t\t\t\t<\/div>\n\t\t\t\t<\/div>\n\t\t\t\t\t<\/div>\n\t\t<\/div>\n\t\t\t\t<div class=\"elementor-column elementor-col-25 elementor-top-column elementor-element elementor-element-31a2d2d\" data-id=\"31a2d2d\" data-element_type=\"column\">\n\t\t\t<div class=\"elementor-widget-wrap elementor-element-populated\">\n\t\t\t\t\t\t\t\t<div class=\"elementor-element elementor-element-b7f5b51 elementor-widget elementor-widget-image\" data-id=\"b7f5b51\" data-element_type=\"widget\" data-widget_type=\"image.default\">\n\t\t\t\t<div class=\"elementor-widget-container\">\n\t\t\t\t\t<div class=\"elementor-image\">\n\t\t\t\t\t\t\t\t\t\t\t<a href=\"http:\/\/compagnielesjournaliers.fr\/wp-content\/uploads\/2021\/09\/126320598.jpg\">\n\t\t\t\t\t\t\t<img width=\"225\" height=\"300\" src=\"http:\/\/compagnielesjournaliers.fr\/wp-content\/uploads\/2021\/09\/126320598-225x300.jpg\" class=\"attachment-medium size-medium\" alt=\"\" loading=\"lazy\" srcset=\"http:\/\/compagnielesjournaliers.fr\/wp-content\/uploads\/2021\/09\/126320598-225x300.jpg 225w, http:\/\/compagnielesjournaliers.fr\/wp-content\/uploads\/2021\/09\/126320598.jpg 600w\" sizes=\"(max-width: 225px) 100vw, 225px\" \/>\t\t\t\t\t\t\t\t<\/a>\n\t\t\t\t\t\t\t\t\t\t\t<\/div>\n\t\t\t\t<\/div>\n\t\t\t\t<\/div>\n\t\t\t\t\t<\/div>\n\t\t<\/div>\n\t\t\t\t<div class=\"elementor-column elementor-col-25 elementor-top-column elementor-element elementor-element-a9769bd\" data-id=\"a9769bd\" data-element_type=\"column\">\n\t\t\t<div class=\"elementor-widget-wrap elementor-element-populated\">\n\t\t\t\t\t\t\t\t<div class=\"elementor-element elementor-element-2951344 elementor-widget elementor-widget-image\" data-id=\"2951344\" data-element_type=\"widget\" data-widget_type=\"image.default\">\n\t\t\t\t<div class=\"elementor-widget-container\">\n\t\t\t\t\t<div class=\"elementor-image\">\n\t\t\t\t\t\t\t\t\t\t<img width=\"456\" height=\"608\" src=\"http:\/\/compagnielesjournaliers.fr\/wp-content\/uploads\/2022\/01\/M2.jpg\" class=\"attachment-large size-large\" alt=\"\" loading=\"lazy\" srcset=\"http:\/\/compagnielesjournaliers.fr\/wp-content\/uploads\/2022\/01\/M2.jpg 456w, http:\/\/compagnielesjournaliers.fr\/wp-content\/uploads\/2022\/01\/M2-225x300.jpg 225w\" sizes=\"(max-width: 456px) 100vw, 456px\" \/>\t\t\t\t\t\t\t\t\t\t\t<\/div>\n\t\t\t\t<\/div>\n\t\t\t\t<\/div>\n\t\t\t\t\t<\/div>\n\t\t<\/div>\n\t\t\t\t<div class=\"elementor-column elementor-col-25 elementor-top-column elementor-element elementor-element-cea9539\" data-id=\"cea9539\" data-element_type=\"column\">\n\t\t\t<div class=\"elementor-widget-wrap elementor-element-populated\">\n\t\t\t\t\t\t\t\t<div class=\"elementor-element elementor-element-8130393 elementor-widget elementor-widget-image\" data-id=\"8130393\" data-element_type=\"widget\" data-widget_type=\"image.default\">\n\t\t\t\t<div class=\"elementor-widget-container\">\n\t\t\t\t\t<div class=\"elementor-image\">\n\t\t\t\t\t\t\t<figure class=\"wp-caption\">\n\t\t\t\t\t\t\t\t\t\t<img width=\"659\" height=\"615\" src=\"http:\/\/compagnielesjournaliers.fr\/wp-content\/uploads\/2022\/01\/M4.jpg\" class=\"attachment-large size-large\" alt=\"\" loading=\"lazy\" srcset=\"http:\/\/compagnielesjournaliers.fr\/wp-content\/uploads\/2022\/01\/M4.jpg 659w, http:\/\/compagnielesjournaliers.fr\/wp-content\/uploads\/2022\/01\/M4-300x280.jpg 300w\" sizes=\"(max-width: 659px) 100vw, 659px\" \/>\t\t\t\t\t\t\t\t\t\t\t<figcaption class=\"widget-image-caption wp-caption-text\"> L'Escale: accueil de jour et de nuit,        La Rochelle     <\/figcaption>\n\t\t\t\t\t\t\t\t\t\t<\/figure>\n\t\t\t\t\t<\/div>\n\t\t\t\t<\/div>\n\t\t\t\t<\/div>\n\t\t\t\t\t<\/div>\n\t\t<\/div>\n\t\t\t\t\t\t\t<\/div>\n\t\t<\/section>\n\t\t\t\t<section class=\"elementor-section elementor-top-section elementor-element elementor-element-6a67f19 elementor-section-boxed elementor-section-height-default elementor-section-height-default\" data-id=\"6a67f19\" data-element_type=\"section\">\n\t\t\t\t\t\t<div class=\"elementor-container elementor-column-gap-default\">\n\t\t\t\t\t<div class=\"elementor-column elementor-col-100 elementor-top-column elementor-element elementor-element-2ec0510\" data-id=\"2ec0510\" data-element_type=\"column\">\n\t\t\t<div class=\"elementor-widget-wrap elementor-element-populated\">\n\t\t\t\t\t\t\t\t<div class=\"elementor-element elementor-element-13e6a56 elementor-widget elementor-widget-button\" data-id=\"13e6a56\" data-element_type=\"widget\" data-widget_type=\"button.default\">\n\t\t\t\t<div class=\"elementor-widget-container\">\n\t\t\t\t\t<div class=\"elementor-button-wrapper\">\n\t\t\t<a href=\"#\" class=\"elementor-button-link elementor-button elementor-size-sm\" role=\"button\">\n\t\t\t\t\t\t<span class=\"elementor-button-content-wrapper\">\n\t\t\t\t\t\t<span class=\"elementor-button-text\">Voir le blog<\/span>\n\t\t<\/span>\n\t\t\t\t\t<\/a>\n\t\t<\/div>\n\t\t\t\t<\/div>\n\t\t\t\t<\/div>\n\t\t\t\t\t<\/div>\n\t\t<\/div>\n\t\t\t\t\t\t\t<\/div>\n\t\t<\/section>\n\t\t\t\t\t\t<\/div>\n\t\t\t\t\t<\/div>\n\t\t","protected":false},"excerpt":{"rendered":"<p>Stage Cr\u00e9ation de Masque Le masque est un des fondements du Th\u00e9\u00e2tre, une forme de repr\u00e9sentation&nbsp;, un objet de transformation. Il est pr\u00e9sent dans le monde entier depuis la nuit des temps. C&rsquo;est un formidable m\u00e9dium pour donner visage et corps \u00e0 l&rsquo;invisible agissant, au plus grand que soi et un puissant v\u00e9hicule pour voyager [&hellip;]<\/p>\n","protected":false},"author":1,"featured_media":0,"parent":0,"menu_order":0,"comment_status":"closed","ping_status":"closed","template":"full-width.php","meta":[],"_links":{"self":[{"href":"http:\/\/compagnielesjournaliers.fr\/index.php?rest_route=\/wp\/v2\/pages\/370"}],"collection":[{"href":"http:\/\/compagnielesjournaliers.fr\/index.php?rest_route=\/wp\/v2\/pages"}],"about":[{"href":"http:\/\/compagnielesjournaliers.fr\/index.php?rest_route=\/wp\/v2\/types\/page"}],"author":[{"embeddable":true,"href":"http:\/\/compagnielesjournaliers.fr\/index.php?rest_route=\/wp\/v2\/users\/1"}],"replies":[{"embeddable":true,"href":"http:\/\/compagnielesjournaliers.fr\/index.php?rest_route=%2Fwp%2Fv2%2Fcomments&post=370"}],"version-history":[{"count":41,"href":"http:\/\/compagnielesjournaliers.fr\/index.php?rest_route=\/wp\/v2\/pages\/370\/revisions"}],"predecessor-version":[{"id":2301,"href":"http:\/\/compagnielesjournaliers.fr\/index.php?rest_route=\/wp\/v2\/pages\/370\/revisions\/2301"}],"wp:attachment":[{"href":"http:\/\/compagnielesjournaliers.fr\/index.php?rest_route=%2Fwp%2Fv2%2Fmedia&parent=370"}],"curies":[{"name":"wp","href":"https:\/\/api.w.org\/{rel}","templated":true}]}}