{"id":2302,"date":"2022-01-20T17:16:27","date_gmt":"2022-01-20T16:16:27","guid":{"rendered":"http:\/\/compagnielesjournaliers.fr\/?page_id=2302"},"modified":"2022-02-17T13:59:14","modified_gmt":"2022-02-17T12:59:14","slug":"letable","status":"publish","type":"page","link":"http:\/\/compagnielesjournaliers.fr\/?page_id=2302","title":{"rendered":"L&rsquo;Etable"},"content":{"rendered":"\t\t<div data-elementor-type=\"wp-page\" data-elementor-id=\"2302\" class=\"elementor elementor-2302\" data-elementor-settings=\"[]\">\n\t\t\t\t\t\t\t<div class=\"elementor-section-wrap\">\n\t\t\t\t\t\t\t<section class=\"elementor-section elementor-top-section elementor-element elementor-element-93947a6 elementor-section-boxed elementor-section-height-default elementor-section-height-default\" data-id=\"93947a6\" data-element_type=\"section\">\n\t\t\t\t\t\t<div class=\"elementor-container elementor-column-gap-default\">\n\t\t\t\t\t<div class=\"elementor-column elementor-col-100 elementor-top-column elementor-element elementor-element-cd15ef4\" data-id=\"cd15ef4\" data-element_type=\"column\">\n\t\t\t<div class=\"elementor-widget-wrap elementor-element-populated\">\n\t\t\t\t\t\t\t\t<div class=\"elementor-element elementor-element-5ff4881 elementor-widget elementor-widget-text-editor\" data-id=\"5ff4881\" data-element_type=\"widget\" data-widget_type=\"text-editor.default\">\n\t\t\t\t<div class=\"elementor-widget-container\">\n\t\t\t\t\t<div class=\"elementor-text-editor elementor-clearfix\"><p><span style=\"font-size: 24pt;\">L&rsquo;Etable<\/span><\/p><\/div>\n\t\t\t\t<\/div>\n\t\t\t\t<\/div>\n\t\t\t\t\t<\/div>\n\t\t<\/div>\n\t\t\t\t\t\t\t<\/div>\n\t\t<\/section>\n\t\t\t\t<section class=\"elementor-section elementor-top-section elementor-element elementor-element-18dce66 elementor-section-boxed elementor-section-height-default elementor-section-height-default\" data-id=\"18dce66\" data-element_type=\"section\">\n\t\t\t\t\t\t<div class=\"elementor-container elementor-column-gap-default\">\n\t\t\t\t\t<div class=\"elementor-column elementor-col-100 elementor-top-column elementor-element elementor-element-5ac4f6f\" data-id=\"5ac4f6f\" data-element_type=\"column\">\n\t\t\t<div class=\"elementor-widget-wrap elementor-element-populated\">\n\t\t\t\t\t\t\t\t<div class=\"elementor-element elementor-element-d6ddcb1 elementor-widget elementor-widget-image\" data-id=\"d6ddcb1\" data-element_type=\"widget\" data-widget_type=\"image.default\">\n\t\t\t\t<div class=\"elementor-widget-container\">\n\t\t\t\t\t<div class=\"elementor-image\">\n\t\t\t\t\t\t\t\t\t\t<img width=\"980\" height=\"735\" src=\"http:\/\/compagnielesjournaliers.fr\/wp-content\/uploads\/2022\/01\/Prises-de-terre-a-letable-juillet-2020-credit-photo-Samantha-Zaccarie-1024x768.jpg\" class=\"attachment-large size-large\" alt=\"\" loading=\"lazy\" srcset=\"http:\/\/compagnielesjournaliers.fr\/wp-content\/uploads\/2022\/01\/Prises-de-terre-a-letable-juillet-2020-credit-photo-Samantha-Zaccarie-1024x768.jpg 1024w, http:\/\/compagnielesjournaliers.fr\/wp-content\/uploads\/2022\/01\/Prises-de-terre-a-letable-juillet-2020-credit-photo-Samantha-Zaccarie-300x225.jpg 300w, http:\/\/compagnielesjournaliers.fr\/wp-content\/uploads\/2022\/01\/Prises-de-terre-a-letable-juillet-2020-credit-photo-Samantha-Zaccarie-768x576.jpg 768w, http:\/\/compagnielesjournaliers.fr\/wp-content\/uploads\/2022\/01\/Prises-de-terre-a-letable-juillet-2020-credit-photo-Samantha-Zaccarie-1536x1152.jpg 1536w, http:\/\/compagnielesjournaliers.fr\/wp-content\/uploads\/2022\/01\/Prises-de-terre-a-letable-juillet-2020-credit-photo-Samantha-Zaccarie-2048x1536.jpg 2048w\" sizes=\"(max-width: 980px) 100vw, 980px\" \/>\t\t\t\t\t\t\t\t\t\t\t<\/div>\n\t\t\t\t<\/div>\n\t\t\t\t<\/div>\n\t\t\t\t\t<\/div>\n\t\t<\/div>\n\t\t\t\t\t\t\t<\/div>\n\t\t<\/section>\n\t\t\t\t<section class=\"elementor-section elementor-top-section elementor-element elementor-element-4eb5dff elementor-section-boxed elementor-section-height-default elementor-section-height-default\" data-id=\"4eb5dff\" data-element_type=\"section\">\n\t\t\t\t\t\t<div class=\"elementor-container elementor-column-gap-default\">\n\t\t\t\t\t<div class=\"elementor-column elementor-col-100 elementor-top-column elementor-element elementor-element-e97c467\" data-id=\"e97c467\" data-element_type=\"column\">\n\t\t\t<div class=\"elementor-widget-wrap elementor-element-populated\">\n\t\t\t\t\t\t\t\t<div class=\"elementor-element elementor-element-9ea85a1 elementor-widget elementor-widget-text-editor\" data-id=\"9ea85a1\" data-element_type=\"widget\" data-widget_type=\"text-editor.default\">\n\t\t\t\t<div class=\"elementor-widget-container\">\n\t\t\t\t\t<div class=\"elementor-text-editor elementor-clearfix\"><p align=\"CENTER\">L&rsquo; ETABLE<\/p><p align=\"CENTER\">Espace AOC en milieu rural<\/p><p align=\"CENTER\">Arts Organiques Contemporains<\/p><p align=\"CENTER\">Une ancienne \u00e9table r\u00e9nov\u00e9e pendant le confinement et ouverte \u00e0 des artistes qui cultivent le lien \u00e0 la terre et au vivant.<\/p><p align=\"CENTER\">Sur un terrain d\u00e9di\u00e9 \u00e0 la cr\u00e9ativit\u00e9 et aux interactions entre soins, arts, agriculture, nourriture, ressources humaines&#8230;<\/p><p align=\"CENTER\">Ce nouvel espace d&rsquo;exposition se pose dans un ensemble qui accueille\u00a0 des performances de la Compagnie les Journaliers et d&rsquo;artistes invit\u00e9s dans une grange semi ouverte ou en d\u00e9ambulation, des installations dans le jardin, des ateliers, des mini r\u00e9sidences&#8230;<\/p><p align=\"CENTER\">C&rsquo;est aussi le camps de base de la Compagnie.<\/p><\/div>\n\t\t\t\t<\/div>\n\t\t\t\t<\/div>\n\t\t\t\t\t<\/div>\n\t\t<\/div>\n\t\t\t\t\t\t\t<\/div>\n\t\t<\/section>\n\t\t\t\t<section class=\"elementor-section elementor-top-section elementor-element elementor-element-9bbb0a3 elementor-section-boxed elementor-section-height-default elementor-section-height-default\" data-id=\"9bbb0a3\" data-element_type=\"section\">\n\t\t\t\t\t\t<div class=\"elementor-container elementor-column-gap-default\">\n\t\t\t\t\t<div class=\"elementor-column elementor-col-100 elementor-top-column elementor-element elementor-element-d7bdf4e\" data-id=\"d7bdf4e\" data-element_type=\"column\">\n\t\t\t<div class=\"elementor-widget-wrap\">\n\t\t\t\t\t\t\t\t\t<\/div>\n\t\t<\/div>\n\t\t\t\t\t\t\t<\/div>\n\t\t<\/section>\n\t\t\t\t<section class=\"elementor-section elementor-top-section elementor-element elementor-element-6e795b8 elementor-section-boxed elementor-section-height-default elementor-section-height-default\" data-id=\"6e795b8\" data-element_type=\"section\">\n\t\t\t\t\t\t<div class=\"elementor-container elementor-column-gap-default\">\n\t\t\t\t\t<div class=\"elementor-column elementor-col-33 elementor-top-column elementor-element elementor-element-a453a3b\" data-id=\"a453a3b\" data-element_type=\"column\">\n\t\t\t<div class=\"elementor-widget-wrap elementor-element-populated\">\n\t\t\t\t\t\t\t\t<div class=\"elementor-element elementor-element-f8217bf elementor-widget elementor-widget-image\" data-id=\"f8217bf\" data-element_type=\"widget\" data-widget_type=\"image.default\">\n\t\t\t\t<div class=\"elementor-widget-container\">\n\t\t\t\t\t<div class=\"elementor-image\">\n\t\t\t\t\t\t\t\t\t\t<img width=\"980\" height=\"494\" src=\"http:\/\/compagnielesjournaliers.fr\/wp-content\/uploads\/2022\/01\/Redim-1300xAssemblage-83-88-82x41-300ppp-r-copyr--1024x516.jpg\" class=\"attachment-large size-large\" alt=\"\" loading=\"lazy\" srcset=\"http:\/\/compagnielesjournaliers.fr\/wp-content\/uploads\/2022\/01\/Redim-1300xAssemblage-83-88-82x41-300ppp-r-copyr--1024x516.jpg 1024w, http:\/\/compagnielesjournaliers.fr\/wp-content\/uploads\/2022\/01\/Redim-1300xAssemblage-83-88-82x41-300ppp-r-copyr--300x151.jpg 300w, http:\/\/compagnielesjournaliers.fr\/wp-content\/uploads\/2022\/01\/Redim-1300xAssemblage-83-88-82x41-300ppp-r-copyr--768x387.jpg 768w, http:\/\/compagnielesjournaliers.fr\/wp-content\/uploads\/2022\/01\/Redim-1300xAssemblage-83-88-82x41-300ppp-r-copyr-.jpg 1300w\" sizes=\"(max-width: 980px) 100vw, 980px\" \/>\t\t\t\t\t\t\t\t\t\t\t<\/div>\n\t\t\t\t<\/div>\n\t\t\t\t<\/div>\n\t\t\t\t\t<\/div>\n\t\t<\/div>\n\t\t\t\t<div class=\"elementor-column elementor-col-33 elementor-top-column elementor-element elementor-element-e974037\" data-id=\"e974037\" data-element_type=\"column\">\n\t\t\t<div class=\"elementor-widget-wrap elementor-element-populated\">\n\t\t\t\t\t\t\t\t<div class=\"elementor-element elementor-element-9110ccc elementor-widget elementor-widget-image\" data-id=\"9110ccc\" data-element_type=\"widget\" data-widget_type=\"image.default\">\n\t\t\t\t<div class=\"elementor-widget-container\">\n\t\t\t\t\t<div class=\"elementor-image\">\n\t\t\t\t\t\t\t\t\t\t<img width=\"850\" height=\"567\" src=\"http:\/\/compagnielesjournaliers.fr\/wp-content\/uploads\/2022\/01\/Redim-850-P1010233-r.jpg\" class=\"attachment-large size-large\" alt=\"\" loading=\"lazy\" srcset=\"http:\/\/compagnielesjournaliers.fr\/wp-content\/uploads\/2022\/01\/Redim-850-P1010233-r.jpg 850w, http:\/\/compagnielesjournaliers.fr\/wp-content\/uploads\/2022\/01\/Redim-850-P1010233-r-300x200.jpg 300w, http:\/\/compagnielesjournaliers.fr\/wp-content\/uploads\/2022\/01\/Redim-850-P1010233-r-768x512.jpg 768w\" sizes=\"(max-width: 850px) 100vw, 850px\" \/>\t\t\t\t\t\t\t\t\t\t\t<\/div>\n\t\t\t\t<\/div>\n\t\t\t\t<\/div>\n\t\t\t\t\t<\/div>\n\t\t<\/div>\n\t\t\t\t<div class=\"elementor-column elementor-col-33 elementor-top-column elementor-element elementor-element-2a47344\" data-id=\"2a47344\" data-element_type=\"column\">\n\t\t\t<div class=\"elementor-widget-wrap elementor-element-populated\">\n\t\t\t\t\t\t\t\t<div class=\"elementor-element elementor-element-6c5d48f elementor-widget elementor-widget-image\" data-id=\"6c5d48f\" data-element_type=\"widget\" data-widget_type=\"image.default\">\n\t\t\t\t<div class=\"elementor-widget-container\">\n\t\t\t\t\t<div class=\"elementor-image\">\n\t\t\t\t\t\t\t\t\t\t<img width=\"980\" height=\"980\" src=\"http:\/\/compagnielesjournaliers.fr\/wp-content\/uploads\/2022\/01\/AVATAR-FACEBOOK-MIEL-1024x1024.jpg\" class=\"attachment-large size-large\" alt=\"\" loading=\"lazy\" srcset=\"http:\/\/compagnielesjournaliers.fr\/wp-content\/uploads\/2022\/01\/AVATAR-FACEBOOK-MIEL-1024x1024.jpg 1024w, http:\/\/compagnielesjournaliers.fr\/wp-content\/uploads\/2022\/01\/AVATAR-FACEBOOK-MIEL-300x300.jpg 300w, http:\/\/compagnielesjournaliers.fr\/wp-content\/uploads\/2022\/01\/AVATAR-FACEBOOK-MIEL-150x150.jpg 150w, http:\/\/compagnielesjournaliers.fr\/wp-content\/uploads\/2022\/01\/AVATAR-FACEBOOK-MIEL-768x768.jpg 768w, http:\/\/compagnielesjournaliers.fr\/wp-content\/uploads\/2022\/01\/AVATAR-FACEBOOK-MIEL.jpg 1500w\" sizes=\"(max-width: 980px) 100vw, 980px\" \/>\t\t\t\t\t\t\t\t\t\t\t<\/div>\n\t\t\t\t<\/div>\n\t\t\t\t<\/div>\n\t\t\t\t\t<\/div>\n\t\t<\/div>\n\t\t\t\t\t\t\t<\/div>\n\t\t<\/section>\n\t\t\t\t<section class=\"elementor-section elementor-top-section elementor-element elementor-element-f7268d7 elementor-section-boxed elementor-section-height-default elementor-section-height-default\" data-id=\"f7268d7\" data-element_type=\"section\">\n\t\t\t\t\t\t<div class=\"elementor-container elementor-column-gap-default\">\n\t\t\t\t\t<div class=\"elementor-column elementor-col-100 elementor-top-column elementor-element elementor-element-b515b1a\" data-id=\"b515b1a\" data-element_type=\"column\">\n\t\t\t<div class=\"elementor-widget-wrap elementor-element-populated\">\n\t\t\t\t\t\t\t\t<div class=\"elementor-element elementor-element-d15941d elementor-widget elementor-widget-button\" data-id=\"d15941d\" data-element_type=\"widget\" data-widget_type=\"button.default\">\n\t\t\t\t<div class=\"elementor-widget-container\">\n\t\t\t\t\t<div class=\"elementor-button-wrapper\">\n\t\t\t<a href=\"http:\/\/espaceaoc.canalblog.com\/\" class=\"elementor-button-link elementor-button elementor-size-sm\" role=\"button\">\n\t\t\t\t\t\t<span class=\"elementor-button-content-wrapper\">\n\t\t\t\t\t\t<span class=\"elementor-button-text\">vOIR LE BLOG<\/span>\n\t\t<\/span>\n\t\t\t\t\t<\/a>\n\t\t<\/div>\n\t\t\t\t<\/div>\n\t\t\t\t<\/div>\n\t\t\t\t\t<\/div>\n\t\t<\/div>\n\t\t\t\t\t\t\t<\/div>\n\t\t<\/section>\n\t\t\t\t<section class=\"elementor-section elementor-top-section elementor-element elementor-element-f5cf5ab elementor-section-boxed elementor-section-height-default elementor-section-height-default\" data-id=\"f5cf5ab\" data-element_type=\"section\">\n\t\t\t\t\t\t<div class=\"elementor-container elementor-column-gap-default\">\n\t\t\t\t\t<div class=\"elementor-column elementor-col-100 elementor-top-column elementor-element elementor-element-f54bde7\" data-id=\"f54bde7\" data-element_type=\"column\">\n\t\t\t<div class=\"elementor-widget-wrap elementor-element-populated\">\n\t\t\t\t\t\t\t\t<div class=\"elementor-element elementor-element-498a084 elementor-widget elementor-widget-button\" data-id=\"498a084\" data-element_type=\"widget\" data-widget_type=\"button.default\">\n\t\t\t\t<div class=\"elementor-widget-container\">\n\t\t\t\t\t<div class=\"elementor-button-wrapper\">\n\t\t\t<a href=\"https:\/\/www.google.com\/maps\/place\/2+Chem.+des+Ormeaux,+17380+Archingeay\/@45.919681,-0.7240317,17z\/data=!3m1!4b1!4m5!3m4!1s0x4801226a622ac6f9:0x6936ab7032efeca2!8m2!3d45.919681!4d-0.721843\" class=\"elementor-button-link elementor-button elementor-size-sm\" role=\"button\">\n\t\t\t\t\t\t<span class=\"elementor-button-content-wrapper\">\n\t\t\t\t\t\t<span class=\"elementor-button-text\">POUR VOUS RENDRE \u00e0 l'ETABLE<\/span>\n\t\t<\/span>\n\t\t\t\t\t<\/a>\n\t\t<\/div>\n\t\t\t\t<\/div>\n\t\t\t\t<\/div>\n\t\t\t\t\t<\/div>\n\t\t<\/div>\n\t\t\t\t\t\t\t<\/div>\n\t\t<\/section>\n\t\t\t\t<section class=\"elementor-section elementor-top-section elementor-element elementor-element-7b9a2f2 elementor-section-boxed elementor-section-height-default elementor-section-height-default\" data-id=\"7b9a2f2\" data-element_type=\"section\">\n\t\t\t\t\t\t<div class=\"elementor-container elementor-column-gap-default\">\n\t\t\t\t\t<div class=\"elementor-column elementor-col-100 elementor-top-column elementor-element elementor-element-fd4e6e0\" data-id=\"fd4e6e0\" data-element_type=\"column\">\n\t\t\t<div class=\"elementor-widget-wrap\">\n\t\t\t\t\t\t\t\t\t<\/div>\n\t\t<\/div>\n\t\t\t\t\t\t\t<\/div>\n\t\t<\/section>\n\t\t\t\t\t\t<\/div>\n\t\t\t\t\t<\/div>\n\t\t","protected":false},"excerpt":{"rendered":"<p>L&rsquo;Etable L&rsquo; ETABLE Espace AOC en milieu rural Arts Organiques Contemporains Une ancienne \u00e9table r\u00e9nov\u00e9e pendant le confinement et ouverte \u00e0 des artistes qui cultivent le lien \u00e0 la terre et au vivant. Sur un terrain d\u00e9di\u00e9 \u00e0 la cr\u00e9ativit\u00e9 et aux interactions entre soins, arts, agriculture, nourriture, ressources humaines&#8230; Ce nouvel espace d&rsquo;exposition se [&hellip;]<\/p>\n","protected":false},"author":1,"featured_media":0,"parent":0,"menu_order":0,"comment_status":"closed","ping_status":"closed","template":"full-width.php","meta":[],"_links":{"self":[{"href":"http:\/\/compagnielesjournaliers.fr\/index.php?rest_route=\/wp\/v2\/pages\/2302"}],"collection":[{"href":"http:\/\/compagnielesjournaliers.fr\/index.php?rest_route=\/wp\/v2\/pages"}],"about":[{"href":"http:\/\/compagnielesjournaliers.fr\/index.php?rest_route=\/wp\/v2\/types\/page"}],"author":[{"embeddable":true,"href":"http:\/\/compagnielesjournaliers.fr\/index.php?rest_route=\/wp\/v2\/users\/1"}],"replies":[{"embeddable":true,"href":"http:\/\/compagnielesjournaliers.fr\/index.php?rest_route=%2Fwp%2Fv2%2Fcomments&post=2302"}],"version-history":[{"count":30,"href":"http:\/\/compagnielesjournaliers.fr\/index.php?rest_route=\/wp\/v2\/pages\/2302\/revisions"}],"predecessor-version":[{"id":2390,"href":"http:\/\/compagnielesjournaliers.fr\/index.php?rest_route=\/wp\/v2\/pages\/2302\/revisions\/2390"}],"wp:attachment":[{"href":"http:\/\/compagnielesjournaliers.fr\/index.php?rest_route=%2Fwp%2Fv2%2Fmedia&parent=2302"}],"curies":[{"name":"wp","href":"https:\/\/api.w.org\/{rel}","templated":true}]}}